{"id":97,"date":"2026-03-13T15:00:00","date_gmt":"2026-03-13T15:00:00","guid":{"rendered":"https:\/\/www.zasco.be\/?page_id=97"},"modified":"2026-03-23T15:32:16","modified_gmt":"2026-03-23T15:32:16","slug":"zasco-dealer-worden","status":"publish","type":"page","link":"https:\/\/www.zasco.be\/fr\/zasco-dealer-worden\/","title":{"rendered":"Zasco dealer worden"},"content":{"rendered":"<h1>Un partenaire solide pour la vente d'outils professionnels<\/h1>\n\t<p>ZASCO soutient les revendeurs et les distributeurs professionnels en mettant l'accent sur la fiabilit\u00e9, la disponibilit\u00e9 et le respect du canal de distribution.<\/p>\n\t\t\t<a href=\"https:\/\/www.zasco.be\/fr\/zasco-contact\/\"  target=\"_self\">\n\t\t\t\t\t\t\tContactez-nous\n\t\t\t\t\t<\/a>\n\t<h1>Pourquoi coop\u00e9rer ?<\/h1>\n<h1>avec ZASCO ?<\/h1>\n\t\t\t\t\t\t\t\t\t<img decoding=\"async\" src=\"https:\/\/www.zasco.be\/wp-content\/uploads\/2026\/03\/Award.webp\" alt=\"Award icon\" itemprop=\"image\" height=\"100\" width=\"100\" title=\"Prix\" onerror=\"this.style.display='none'\"  \/>\n\t<h2>\uf0f0\tDes outils professionnels offrant un excellent rapport qualit\u00e9-prix<\/h2>\n\t\t\t\t\t\t\t\t\t<img decoding=\"async\" src=\"https:\/\/www.zasco.be\/wp-content\/uploads\/2026\/03\/People.webp\" alt=\"People icon\" itemprop=\"image\" height=\"100\" width=\"100\" title=\"Les personnes\" onerror=\"this.style.display='none'\"  \/>\n\t<h2>Un mod\u00e8le de distribution respectueux des revendeurs<\/h2>\n\t\t\t\t\t\t\t\t\t<img decoding=\"async\" src=\"https:\/\/www.zasco.be\/wp-content\/uploads\/2026\/03\/Wrench.webp\" alt=\"wrench icon\" itemprop=\"image\" height=\"100\" width=\"100\" title=\"Cl\u00e9 \u00e0 molette\" onerror=\"this.style.display='none'\"  \/>\n\t<h2>Produits \u00e9prouv\u00e9s dans des ateliers professionnels<\/h2>\n\t\t\t\t\t\t\t\t\t<img decoding=\"async\" src=\"https:\/\/www.zasco.be\/wp-content\/uploads\/2026\/03\/Truck.webp\" alt=\"truck icon\" itemprop=\"image\" height=\"100\" width=\"100\" title=\"Camion\" onerror=\"this.style.display='none'\"  \/>\n\t<h2>Livraison rapide et stock disponible<\/h2>\n\t\t\t\t\t\t\t\t\t<img decoding=\"async\" src=\"https:\/\/www.zasco.be\/wp-content\/uploads\/2026\/03\/BoxSeam.webp\" alt=\"Box icon\" itemprop=\"image\" height=\"100\" width=\"100\" title=\"Joint de bo\u00eete\" onerror=\"this.style.display='none'\"  \/>\n\t<h2>Une disponibilit\u00e9 constante des produits<\/h2>\n\t\t\t\t\t\t\t\t\t<img decoding=\"async\" src=\"https:\/\/www.zasco.be\/wp-content\/uploads\/2026\/03\/Telephone.webp\" alt=\"phone icon\" itemprop=\"image\" height=\"100\" width=\"100\" title=\"T\u00e9l\u00e9phone\" onerror=\"this.style.display='none'\"  \/>\n\t\t\t<a href=\"https:\/\/www.zasco.be\/fr\/zasco-contact\/\"  target=\"_self\">\n\t\t\t\t\t\t\tContactez-nous\n\t\t\t\t\t<\/a>\n\t<h1>Un partenaire solide<\/h1>\n\t<p>ZASCO soutient un r\u00e9seau solide de revendeurs et de distributeurs professionnels dans le commerce sp\u00e9cialis\u00e9. Gr\u00e2ce \u00e0 notre exp\u00e9rience dans le secteur, nous comprenons parfaitement les attentes de nos partenaires et de leurs clients.<\/p>\n<p>Nos partenaires choisissent ZASCO pour notre fiabilit\u00e9, la disponibilit\u00e9 constante de nos produits et un mod\u00e8le de distribution respectueux du canal. Gr\u00e2ce \u00e0 une logistique performante et \u00e0 une gamme soigneusement s\u00e9lectionn\u00e9e, les revendeurs peuvent compter sur des livraisons rapides et un service efficace.<\/p>\n<p>Nous aidons ainsi nos partenaires \u00e0 servir leurs clients de mani\u00e8re professionnelle et fiable, jour apr\u00e8s jour.<\/p>\n\t<h1>Devenir revendeur ?<\/h1>\n\t<p>Vous souhaitez distribuer les outils FORCE ?<\/p>\n<p>Contactez-nous et d\u00e9couvrez comment construire ensemble un partenariat solide.<\/p>\n\t\t\t<a href=\"https:\/\/www.zasco.be\/fr\/zasco-contact\/\"  target=\"_self\">\n\t\t\t\t\t\t\tContactez-nous\n\t\t\t\t\t<\/a>","protected":false},"excerpt":{"rendered":"<p>Een sterke partner voor professionele gereedschapsverkoop ZASCO ondersteunt professionele dealers en distributeurs met focus op betrouwbaarheid, beschikbaarheid en respect voor het distributiekanaal. NEEM CONTACT OP Waarom samenwerken met ZASCO? Professioneel gereedschap met uitstekende prijs-kwaliteit Een distributiemodel dat de dealer respecteert Producten die bewezen zijn in professionele werkplaatsen Snelle levering uit voorraad Betrouwbare beschikbaarheid NEEM CONTACT&hellip;<\/p>","protected":false},"author":1,"featured_media":0,"parent":0,"menu_order":0,"comment_status":"closed","ping_status":"closed","template":"","meta":{"_acf_changed":false,"_seopress_robots_primary_cat":"","_seopress_titles_title":"","_seopress_titles_desc":"","_seopress_robots_index":"","_seopress_analysis_target_kw":"","footnotes":""},"class_list":["post-97","page","type-page","status-publish","hentry"],"acf":[],"_links":{"self":[{"href":"https:\/\/www.zasco.be\/fr\/wp-json\/wp\/v2\/pages\/97","targetHints":{"allow":["GET"]}}],"collection":[{"href":"https:\/\/www.zasco.be\/fr\/wp-json\/wp\/v2\/pages"}],"about":[{"href":"https:\/\/www.zasco.be\/fr\/wp-json\/wp\/v2\/types\/page"}],"author":[{"embeddable":true,"href":"https:\/\/www.zasco.be\/fr\/wp-json\/wp\/v2\/users\/1"}],"replies":[{"embeddable":true,"href":"https:\/\/www.zasco.be\/fr\/wp-json\/wp\/v2\/comments?post=97"}],"version-history":[{"count":11,"href":"https:\/\/www.zasco.be\/fr\/wp-json\/wp\/v2\/pages\/97\/revisions"}],"predecessor-version":[{"id":383,"href":"https:\/\/www.zasco.be\/fr\/wp-json\/wp\/v2\/pages\/97\/revisions\/383"}],"wp:attachment":[{"href":"https:\/\/www.zasco.be\/fr\/wp-json\/wp\/v2\/media?parent=97"}],"curies":[{"name":"wp","href":"https:\/\/api.w.org\/{rel}","templated":true}]}}