{"id":90,"date":"2026-03-13T14:03:15","date_gmt":"2026-03-13T14:03:15","guid":{"rendered":"https:\/\/www.zasco.be\/?page_id=90"},"modified":"2026-03-23T15:19:15","modified_gmt":"2026-03-23T15:19:15","slug":"zasco-assortiment","status":"publish","type":"page","link":"https:\/\/www.zasco.be\/fr\/zasco-assortiment\/","title":{"rendered":"Zasco assortiment"},"content":{"rendered":"<h1>Notre gamme<\/h1>\n\t<p>Une large gamme d'outils professionnels pour les garages, les ateliers et les applications industrielles, avec les outils professionnels FORCE au c\u0153ur de notre offre.<\/p>\n\t\t\t<a href=\"https:\/\/www.zasco.be\/wp-content\/uploads\/2026\/03\/catalogus_web.pdf\"  target=\"_blank\" rel=\"noopener\">\n\t\t\t\t\t\tVOIR NOTRE CATALOGUE\n\t\t\t\t\t<\/a>\n\t<h1>Le fondement de tout atelier professionnel<\/h1>\n\t<p>Servantes d\u2019atelier robustes, dot\u00e9es d\u2019une conception intelligente et d\u2019une capacit\u00e9 de rangement optimale. Id\u00e9ales pour les professionnels qui utilisent intensivement leurs outils au quotidien et souhaitent garder un atelier parfaitement organis\u00e9.<\/p>\n\t\t\t<a href=\"https:\/\/www.zasco.be\/fr\/zasco-gereedschapswagens\/\"  target=\"_self\">\n\t\t\t\t\t\t\tTOUTES LES BO\u00ceTES \u00c0 OUTILS\n\t\t\t\t\t<\/a>\n\t<h1>Indispensable dans chaque atelier<\/h1>\n\t<p>Les capuchons et syst\u00e8mes \u00e0 cliquet FORCE offrent une large gamme de jeux, de capuchons individuels et d'accessoires pour un usage professionnel. Con\u00e7us pour la pr\u00e9cision, la durabilit\u00e9 et l'utilisation quotidienne dans les garages et les ateliers techniques.<\/p>\n\t\t\t<a href=\"https:\/\/www.zasco.be\/fr\/zasco-doppen-en-ratelsystemen\/\"  target=\"_self\">\n\t\t\t\t\t\t\tTOUS LES BOUCHONS ET SYST\u00c8MES \u00c0 CLIQUET\n\t\t\t\t\t<\/a>\n\t<h1>Pr\u00e9cision dans chaque assemblage<\/h1>\n\t<p>Les cl\u00e9s dynamom\u00e9triques FORCE assurent un r\u00e9glage pr\u00e9cis du couple de serrage lors de l'assemblage et de la maintenance. Con\u00e7ues pour la fiabilit\u00e9 et le contr\u00f4le dans les ateliers professionnels.<\/p>\n\t\t\t<a href=\"https:\/\/www.zasco.be\/fr\/zasco-momentsleutels\/\"  target=\"_self\">\n\t\t\t\t\t\t\tTOUTES LES CL\u00c9S DYNAMOM\u00c9TRIQUES\n\t\t\t\t\t<\/a>\n\t<h1>Outils \u00e0 main essentiels<\/h1>\n\t<p>La gamme d'outils \u00e0 main FORCE comprend des tournevis, des cl\u00e9s, des pinces et bien plus encore. Des outils robustes con\u00e7us pour le confort, le contr\u00f4le et l'utilisation intensive.<\/p>\n\t\t\t<a href=\"https:\/\/www.zasco.be\/fr\/zasco-momentsleutels\/\"  target=\"_self\">\n\t\t\t\t\t\t\tTOUS LES OUTILS \u00c0 MAIN\n\t\t\t\t\t<\/a>\n\t<h1>Outils pour applications sp\u00e9cialis\u00e9es<\/h1>\n\t<p>Les outils sp\u00e9ciaux FORCE pour l'automobile offrent des solutions pratiques pour l'entretien, le diagnostic et la r\u00e9paration. Ils sont con\u00e7us pour les garages professionnels et les ateliers techniques.<\/p>\n\t\t\t<a href=\"https:\/\/www.zasco.be\/fr\/zasco-automotive-special-tools\/\"  target=\"_self\">\n\t\t\t\t\t\t\tTOUS LES OUTILS SP\u00c9CIAUX POUR L'AUTOMOBILE\n\t\t\t\t\t<\/a>\n\t<h1>Solutions pratiques pour le lieu de travail<\/h1>\n\t<p>Les outils d'atelier FORCE facilitent les op\u00e9rations quotidiennes dans les garages et les ateliers. Des outils robustes con\u00e7us pour l'efficacit\u00e9 et la durabilit\u00e9.<\/p>\n\t\t\t<a href=\"https:\/\/www.zasco.be\/fr\/zasco-werkplaatsgereedschap\/\"  target=\"_self\">\n\t\t\t\t\t\t\tTOUS LES OUTILS D'ATELIER\n\t\t\t\t\t<\/a>","protected":false},"excerpt":{"rendered":"<p>Ons assortiment Een breed assortiment professioneel gereedschap voor garages, werkplaatsen en industri\u00eble toepassingen, met FORCE Professional Tools als kern van ons aanbod. BEKIJK ONZE CATALOGUS De basis van elke professionele werkplaats Robuuste gereedschapswagens met een slimme indeling en maximale opslagcapaciteit. Ideaal voor vakmensen die dagelijks intensief gebruik maken van hun gereedschap en hun werkplaats georganiseerd&hellip;<\/p>","protected":false},"author":1,"featured_media":0,"parent":0,"menu_order":0,"comment_status":"closed","ping_status":"closed","template":"","meta":{"_acf_changed":false,"_seopress_robots_primary_cat":"","_seopress_titles_title":"","_seopress_titles_desc":"","_seopress_robots_index":"","_seopress_analysis_target_kw":"","footnotes":""},"class_list":["post-90","page","type-page","status-publish","hentry"],"acf":[],"_links":{"self":[{"href":"https:\/\/www.zasco.be\/fr\/wp-json\/wp\/v2\/pages\/90","targetHints":{"allow":["GET"]}}],"collection":[{"href":"https:\/\/www.zasco.be\/fr\/wp-json\/wp\/v2\/pages"}],"about":[{"href":"https:\/\/www.zasco.be\/fr\/wp-json\/wp\/v2\/types\/page"}],"author":[{"embeddable":true,"href":"https:\/\/www.zasco.be\/fr\/wp-json\/wp\/v2\/users\/1"}],"replies":[{"embeddable":true,"href":"https:\/\/www.zasco.be\/fr\/wp-json\/wp\/v2\/comments?post=90"}],"version-history":[{"count":11,"href":"https:\/\/www.zasco.be\/fr\/wp-json\/wp\/v2\/pages\/90\/revisions"}],"predecessor-version":[{"id":376,"href":"https:\/\/www.zasco.be\/fr\/wp-json\/wp\/v2\/pages\/90\/revisions\/376"}],"wp:attachment":[{"href":"https:\/\/www.zasco.be\/fr\/wp-json\/wp\/v2\/media?parent=90"}],"curies":[{"name":"wp","href":"https:\/\/api.w.org\/{rel}","templated":true}]}}