{"id":80,"date":"2026-03-13T11:57:06","date_gmt":"2026-03-13T11:57:06","guid":{"rendered":"https:\/\/www.zasco.be\/?page_id=80"},"modified":"2026-04-29T13:01:09","modified_gmt":"2026-04-29T13:01:09","slug":"zasco-werkplaatsgereedschap","status":"publish","type":"page","link":"https:\/\/www.zasco.be\/fr\/zasco-werkplaatsgereedschap\/","title":{"rendered":"Zasco werkplaatsgereedschap"},"content":{"rendered":"<h1>Outils d'atelier<\/h1>\n\t<p>Les outils d'atelier FORCE offrent des solutions robustes et fiables pour une utilisation quotidienne dans les garages, les ateliers et les environnements industriels.<\/p>\n\t\t\t<a href=\"https:\/\/www.zasco.be\/wp-content\/uploads\/2026\/03\/Promo-Zasco-2026_1.pdf\"  target=\"_blank\" rel=\"noopener\">\n\t\t\t\t\t\tVOIR NOTRE D\u00c9PLIANT PROMOTIONNEL\n\t\t\t\t\t<\/a>\n\t<h1>Pourquoi des outils<\/h1>\n<h1>d'atelier FORCE ?<\/h1>\n\t<h2>Solide et fiable pour une utilisation intensive<\/h2>\n\t<h2>Conception fonctionnelle pour un travail efficace<\/h2>\n\t<h2>Qualit\u00e9 durable pour les professionnels<\/h2>\n\t<h2>Id\u00e9al pour les garages, les ateliers et l'industrie<\/h2>\n\t<h1>Des solutions pratiques pour chaque atelier<\/h1>\n\t<p>Les outils d'atelier FORCE comprennent des outils robustes et des aides qui soutiennent les op\u00e9rations quotidiennes dans les garages et les ateliers. Ils sont con\u00e7us pour \u00eatre efficaces, durables et faciles \u00e0 utiliser.<\/p>\n\t\t\t<a href=\"https:\/\/zasco-shop.be\/nl-be\/home.aspx\"  target=\"_blank\" rel=\"noopener\">\n\t\t\t\t\t\t\tVOIR LES ENSEMBLES COMPLETS\n\t\t\t\t\t<\/a>\n\t<h1>Un soutien fiable \u00e0 l'atelier<\/h1>\n\t<p>Gr\u00e2ce \u00e0 leur construction solide et \u00e0 leur fonctionnalit\u00e9 pratique, les outils d'atelier FORCE sont un choix fiable pour les professionnels.<\/p>\n\t\t\t<a href=\"https:\/\/www.zasco.be\/wp-content\/uploads\/2026\/03\/Promo-Zasco-2026_1.pdf\"  target=\"_blank\" rel=\"noopener\">\n\t\t\t\t\t\tVOIR NOTRE D\u00c9PLIANT PROMOTIONNEL\n\t\t\t\t\t<\/a>","protected":false},"excerpt":{"rendered":"<p>Werkplaatsgereedschap Het werkplaatsgereedschap van FORCE biedt robuuste en betrouwbare oplossingen voor dagelijks gebruik in garages, werkplaatsen en industri\u00eble omgevingen. BEKIJK ONZE PROMO FOLDER Waarom FORCE werkplaatsgereedschap? Sterk en betrouwbaar voor intensief gebruik Functioneel ontwerp voor effici\u00ebnt werken Duurzame kwaliteit voor professionals Ideaal voor garages, werkplaatsen en industrie Praktische oplossingen voor elke werkplaats Het werkplaatsgereedschap van&hellip;<\/p>","protected":false},"author":1,"featured_media":0,"parent":0,"menu_order":0,"comment_status":"closed","ping_status":"closed","template":"","meta":{"_acf_changed":false,"_seopress_robots_primary_cat":"","_seopress_titles_title":"","_seopress_titles_desc":"","_seopress_robots_index":"","_seopress_analysis_target_kw":"","footnotes":""},"class_list":["post-80","page","type-page","status-publish","hentry"],"acf":[],"_links":{"self":[{"href":"https:\/\/www.zasco.be\/fr\/wp-json\/wp\/v2\/pages\/80","targetHints":{"allow":["GET"]}}],"collection":[{"href":"https:\/\/www.zasco.be\/fr\/wp-json\/wp\/v2\/pages"}],"about":[{"href":"https:\/\/www.zasco.be\/fr\/wp-json\/wp\/v2\/types\/page"}],"author":[{"embeddable":true,"href":"https:\/\/www.zasco.be\/fr\/wp-json\/wp\/v2\/users\/1"}],"replies":[{"embeddable":true,"href":"https:\/\/www.zasco.be\/fr\/wp-json\/wp\/v2\/comments?post=80"}],"version-history":[{"count":9,"href":"https:\/\/www.zasco.be\/fr\/wp-json\/wp\/v2\/pages\/80\/revisions"}],"predecessor-version":[{"id":473,"href":"https:\/\/www.zasco.be\/fr\/wp-json\/wp\/v2\/pages\/80\/revisions\/473"}],"wp:attachment":[{"href":"https:\/\/www.zasco.be\/fr\/wp-json\/wp\/v2\/media?parent=80"}],"curies":[{"name":"wp","href":"https:\/\/api.w.org\/{rel}","templated":true}]}}