{"id":75,"date":"2026-03-13T11:39:43","date_gmt":"2026-03-13T11:39:43","guid":{"rendered":"https:\/\/www.zasco.be\/?page_id=75"},"modified":"2026-04-29T13:00:19","modified_gmt":"2026-04-29T13:00:19","slug":"zasco-automotive-special-tools","status":"publish","type":"page","link":"https:\/\/www.zasco.be\/fr\/zasco-automotive-special-tools\/","title":{"rendered":"Zasco automotive special tools"},"content":{"rendered":"<h1>Outils sp\u00e9ciaux automobile<\/h1>\n\t<p>Les outils sp\u00e9ciaux FORCE pour l'automobile sont d\u00e9velopp\u00e9s pour des applications sp\u00e9cifiques et sont utilis\u00e9s par les professionnels dans les garages et les ateliers techniques du monde entier.<\/p>\n\t\t\t<a href=\"https:\/\/www.zasco.be\/wp-content\/uploads\/2026\/03\/Promo-Zasco-2026_1.pdf\"  target=\"_blank\" rel=\"noopener\">\n\t\t\t\t\t\tVOIR NOTRE D\u00c9PLIANT PROMOTIONNEL\n\t\t\t\t\t<\/a>\n\t<h1>Pourquoi choisir les outils sp\u00e9ciaux<\/h1>\n<h1>automobile FORCE ?<\/h1>\n\t<h2>D\u00e9velopp\u00e9 pour des t\u00e2ches automobiles sp\u00e9cifiques<\/h2>\n\t<h2>Des solutions de diagnostic et de r\u00e9paration fiables<\/h2>\n\t<h2>Des outils durables pour un usage intensif<\/h2>\n\t<h2>Large gamme d'outils sp\u00e9cialis\u00e9s<\/h2>\n\t<h1>Outils pour travaux sp\u00e9cialis\u00e9s<\/h1>\n\t<p>Les outils sp\u00e9ciaux FORCE pour l'automobile ont \u00e9t\u00e9 d\u00e9velopp\u00e9s pour des applications sp\u00e9cifiques dans l'entretien et la r\u00e9paration des v\u00e9hicules. Ils offrent des solutions pratiques pour le diagnostic, le montage et le d\u00e9montage dans les ateliers professionnels.<\/p>\n\t\t\t<a href=\"https:\/\/zasco-shop.be\/nl-be\/home.aspx\"  target=\"_blank\" rel=\"noopener\">\n\t\t\t\t\t\t\tVOIR LES ENSEMBLES COMPLETS\n\t\t\t\t\t<\/a>\n\t<h1>D\u00e9velopp\u00e9 pour le secteur automobile<\/h1>\n\t<p>Gr\u00e2ce \u00e0 leur conception fonctionnelle et \u00e0 leur qualit\u00e9 robuste, les outils sp\u00e9ciaux FORCE pour l'automobile offrent un soutien fiable pour les travaux sp\u00e9cialis\u00e9s.<\/p>\n\t\t\t<a href=\"https:\/\/www.zasco.be\/wp-content\/uploads\/2026\/03\/Promo-Zasco-2026_1.pdf\"  target=\"_blank\" rel=\"noopener\">\n\t\t\t\t\t\tVOIR NOTRE D\u00c9PLIANT PROMOTIONNEL\n\t\t\t\t\t<\/a>","protected":false},"excerpt":{"rendered":"<p>Automotive special tools De automotive special tools van FORCE zijn ontwikkeld voor specifieke toepassingen en worden wereldwijd gebruikt door professionals in garages en technische werkplaatsen. BEKIJK ONZE PROMO FOLDER Waarom FORCE automotive special tools? Ontwikkeld voor specifieke automotive werkzaamheden Betrouwbare oplossingen voor diagnose en reparatie Duurzame tools voor intensief gebruik Breed aanbod gespecialiseerde gereedschappen Gereedschap&hellip;<\/p>","protected":false},"author":1,"featured_media":0,"parent":0,"menu_order":0,"comment_status":"closed","ping_status":"closed","template":"","meta":{"_acf_changed":false,"_seopress_robots_primary_cat":"","_seopress_titles_title":"","_seopress_titles_desc":"","_seopress_robots_index":"","_seopress_analysis_target_kw":"","footnotes":""},"class_list":["post-75","page","type-page","status-publish","hentry"],"acf":[],"_links":{"self":[{"href":"https:\/\/www.zasco.be\/fr\/wp-json\/wp\/v2\/pages\/75","targetHints":{"allow":["GET"]}}],"collection":[{"href":"https:\/\/www.zasco.be\/fr\/wp-json\/wp\/v2\/pages"}],"about":[{"href":"https:\/\/www.zasco.be\/fr\/wp-json\/wp\/v2\/types\/page"}],"author":[{"embeddable":true,"href":"https:\/\/www.zasco.be\/fr\/wp-json\/wp\/v2\/users\/1"}],"replies":[{"embeddable":true,"href":"https:\/\/www.zasco.be\/fr\/wp-json\/wp\/v2\/comments?post=75"}],"version-history":[{"count":11,"href":"https:\/\/www.zasco.be\/fr\/wp-json\/wp\/v2\/pages\/75\/revisions"}],"predecessor-version":[{"id":472,"href":"https:\/\/www.zasco.be\/fr\/wp-json\/wp\/v2\/pages\/75\/revisions\/472"}],"wp:attachment":[{"href":"https:\/\/www.zasco.be\/fr\/wp-json\/wp\/v2\/media?parent=75"}],"curies":[{"name":"wp","href":"https:\/\/api.w.org\/{rel}","templated":true}]}}