{"id":7,"date":"2026-03-11T15:03:10","date_gmt":"2026-03-11T15:03:10","guid":{"rendered":"https:\/\/www.zasco.be\/?page_id=7"},"modified":"2026-04-29T12:41:58","modified_gmt":"2026-04-29T12:41:58","slug":"zasco-professioneel-gereedschap-voor-de-automotive","status":"publish","type":"page","link":"https:\/\/www.zasco.be\/fr\/","title":{"rendered":"Outils professionnels Zasco pour l'industrie automobile"},"content":{"rendered":"<h1>Outils professionnels sur lesquels les artisans peuvent compter.<\/h1>\n\t<p>Des chariots \u00e0 outils aux cl\u00e9s dynamom\u00e9triques : des outils de qualit\u00e9 qui performent quand il le faut.<\/p>\n\t\t\t<a href=\"https:\/\/zasco-shop.be\/nl-be\/home.aspx\"  target=\"_self\">\n\t\t\t\t\t\t\tD\u00c9COUVRIR MAINTENANT\n\t\t\t\t\t<\/a>\n\t\t\t\t\t\t\t\t\t<img decoding=\"async\" src=\"https:\/\/www.zasco.be\/wp-content\/uploads\/2026\/03\/icon-klok.webp\" alt=\"Icoon dat staat voor snelle en betrouwbare levering\" itemprop=\"image\" height=\"100\" width=\"100\" title=\"ic\u00f4ne-horloge\" onerror=\"this.style.display='none'\"  \/>\n\t<h2>Livraison rapide et fiable<\/h2>\n\t\t\t\t\t\t\t\t\t<img decoding=\"async\" src=\"https:\/\/www.zasco.be\/wp-content\/uploads\/2026\/03\/icon-badge.webp\" alt=\"Icon voor professionele kwaliteit voor een sterke prijs\" itemprop=\"image\" height=\"100\" width=\"100\" title=\"ic\u00f4ne-badge\" onerror=\"this.style.display='none'\"  \/>\n\t<h2>Qualit\u00e9 professionnelle \u00e0 un prix avantageux<\/h2>\n\t\t\t\t\t\t\t\t\t<img decoding=\"async\" src=\"https:\/\/www.zasco.be\/wp-content\/uploads\/2026\/03\/icon-gereedschap.webp\" alt=\"icoon voor professionele werkplaatsen\" itemprop=\"image\" height=\"100\" width=\"100\" title=\"outil ic\u00f4ne\" onerror=\"this.style.display='none'\"  \/>\n\t<h2>Prouv\u00e9 dans des ateliers professionnels<\/h2>\n\t\t\t\t\t\t\t\t\t<img decoding=\"async\" src=\"https:\/\/www.zasco.be\/wp-content\/uploads\/2026\/03\/icon-boxes.webp\" alt=\"icoon voor consistente voorraad\" itemprop=\"image\" height=\"100\" width=\"100\" title=\"bo\u00eetes-ic\u00f4nes\" onerror=\"this.style.display='none'\"  \/>\n\t<h2>Stock toujours constant<\/h2>\n\t<h1>Le fondement de tout atelier professionnel<\/h1>\n\t<p>Servantes d\u2019atelier robustes, dot\u00e9es d\u2019une conception intelligente et d\u2019une capacit\u00e9 de rangement optimale. Id\u00e9ales pour les professionnels qui utilisent intensivement leurs outils au quotidien et souhaitent garder un atelier parfaitement organis\u00e9.<\/p>\n\t\t\t<a href=\"http:\/\/www.zasco.be\/fr\/zasco-gereedschapswagens\/\"  target=\"_self\">\n\t\t\t\t\t\t\tTOUTES LES BO\u00ceTES \u00c0 OUTILS\n\t\t\t\t\t<\/a>\n<h1>\n\t\t\tNotre gamme compl\u00e8te\t<\/h1>\n\t<h2>Douilles et syst\u00e8mes \u00e0 cliquet<\/h2>\n\t<h2>Cl\u00e9s dynamom\u00e9triques<\/h2>\n\t<h2>Outils \u00e0 main<\/h2>\n\t<h2>Outils sp\u00e9ciaux automobile<\/h2>\n\t<h2>Outils d'atelier<\/h2>\n\t\t\t<a href=\"http:\/\/www.zasco.be\/fr\/zasco-assortiment\/\"  target=\"_self\">\n\t\t\t\t\t\t\tVOIR TOUS LES PRODUITS\n\t\t\t\t\t<\/a>\n\t<h1>Devenir revendeur FORCE<\/h1>\n\t<p>Vous souhaitez distribuer les outils FORCE ?<\/p>\n\t<h2>Pourquoi collaborer avec ZASCO ?<\/h2>\n\t<p><img decoding=\"async\" src=\"http:\/\/www.zasco.be\/wp-content\/uploads\/2026\/03\/Check.webp\" alt=\"Check icoon voor belangrijke punten van dealer worden\" width=\"25\" height=\"20\" \/>\uf0f0\tDes outils professionnels offrant un excellent rapport qualit\u00e9-prix<\/p>\n<p><img decoding=\"async\" src=\"http:\/\/www.zasco.be\/wp-content\/uploads\/2026\/03\/Check.webp\" alt=\"Check icoon voor belangrijke punten van dealer worden\" width=\"25\" height=\"20\" \/>Livraison rapide et stock disponible<\/p>\n<p><img decoding=\"async\" src=\"http:\/\/www.zasco.be\/wp-content\/uploads\/2026\/03\/Check.webp\" alt=\"Check icoon voor belangrijke punten van dealer worden\" width=\"25\" height=\"20\" \/>Une disponibilit\u00e9 constante des produits<\/p>\n<p><img decoding=\"async\" src=\"http:\/\/www.zasco.be\/wp-content\/uploads\/2026\/03\/Check.webp\" alt=\"Check icoon voor belangrijke punten van dealer worden\" width=\"25\" height=\"20\" \/>Produits \u00e9prouv\u00e9s dans des ateliers professionnels<\/p>\n<p><img decoding=\"async\" src=\"http:\/\/www.zasco.be\/wp-content\/uploads\/2026\/03\/Check.webp\" alt=\"Check icoon voor belangrijke punten van dealer worden\" width=\"25\" height=\"20\" \/>Un mod\u00e8le de distribution respectueux des revendeurs<\/p>\n\t<p>ZASCO soutient ses distributeurs comme de vrais partenaires sur le march\u00e9.<\/p>\n\t<h1>0<\/h1>\n\t<h1>An<\/h1>\n\t<h2>Notre exp\u00e9rience<\/h2>\n\t<p>Depuis 1995, ZASCO est le distributeur officiel de FORCE Professional Tools en Belgique. Fort de nombreuses ann\u00e9es d'exp\u00e9rience et d'une solide collaboration avec les distributeurs, ZASCO s'est d\u00e9velopp\u00e9 pour devenir un partenaire fiable pour les professionnels du commerce.<\/p>\n\t<h2>Une nouvelle \u00e9tape pour ZASCO<\/h2>\n\t<p>Avec plus de 40 ans d'exp\u00e9rience, ZASCO franchit une nouvelle \u00e9tape dans l'avenir des outils professionnels.<\/p>\n\t\t\t<a href=\"http:\/\/www.zasco.be\/fr\/zasco-about\/\"  target=\"_self\">\n\t\t\t\t\t\t\tD\u00c9COUVREZ-EN PLUS SUR ZASCO\n\t\t\t\t\t<\/a>\n\t<h2>Notre marque<\/h2>\n\t\t\t\t\t\t\t\t\t<img decoding=\"async\" src=\"http:\/\/www.zasco.be\/wp-content\/uploads\/2026\/03\/Force-Professional-Tools.webp\" alt=\"Force professional Tools Logo\" itemprop=\"image\" srcset=\"https:\/\/www.zasco.be\/wp-content\/uploads\/2026\/03\/Force-Professional-Tools.webp 1501w, https:\/\/www.zasco.be\/wp-content\/uploads\/2026\/03\/Force-Professional-Tools-300x69.webp 300w, https:\/\/www.zasco.be\/wp-content\/uploads\/2026\/03\/Force-Professional-Tools-1024x236.webp 1024w, https:\/\/www.zasco.be\/wp-content\/uploads\/2026\/03\/Force-Professional-Tools-768x177.webp 768w\" sizes=\"(max-width: 1501px) 100vw, 1501px\" title=\"Force-Professional-Tools\" onerror=\"this.style.display='none'\"  \/>","protected":false},"excerpt":{"rendered":"<p>Des outils professionnels sur lesquels les professionnels peuvent compter. Des chariots \u00e0 outils aux cl\u00e9s dynamom\u00e9triques : des outils de haute qualit\u00e9 qui offrent des performances quand c'est important. D\u00c9COUVREZ MAINTENANT Livraison rapide et fiable Qualit\u00e9 professionnelle \u00e0 un prix avantageux \u00c9prouv\u00e9 dans les ateliers professionnels Stock toujours constant La base de tout atelier professionnel Chariots \u00e0 outils robustes avec un agencement intelligent et une capacit\u00e9 de stockage maximale. Id\u00e9al pour...<\/p>","protected":false},"author":1,"featured_media":0,"parent":0,"menu_order":0,"comment_status":"closed","ping_status":"closed","template":"","meta":{"_acf_changed":false,"_seopress_robots_primary_cat":"","_seopress_titles_title":"ZASCO FORCE TOOLS professioneel gereedschap voor de automotive","_seopress_titles_desc":"Professioneel gereedschap waarop vakmensen kunnen vertrouwen.\r\nVan gereedschapswagens tot momentsleutels: kwalitatief gereedschap.","_seopress_robots_index":"","_seopress_analysis_target_kw":"","footnotes":""},"class_list":["post-7","page","type-page","status-publish","hentry"],"acf":[],"_links":{"self":[{"href":"https:\/\/www.zasco.be\/fr\/wp-json\/wp\/v2\/pages\/7","targetHints":{"allow":["GET"]}}],"collection":[{"href":"https:\/\/www.zasco.be\/fr\/wp-json\/wp\/v2\/pages"}],"about":[{"href":"https:\/\/www.zasco.be\/fr\/wp-json\/wp\/v2\/types\/page"}],"author":[{"embeddable":true,"href":"https:\/\/www.zasco.be\/fr\/wp-json\/wp\/v2\/users\/1"}],"replies":[{"embeddable":true,"href":"https:\/\/www.zasco.be\/fr\/wp-json\/wp\/v2\/comments?post=7"}],"version-history":[{"count":11,"href":"https:\/\/www.zasco.be\/fr\/wp-json\/wp\/v2\/pages\/7\/revisions"}],"predecessor-version":[{"id":465,"href":"https:\/\/www.zasco.be\/fr\/wp-json\/wp\/v2\/pages\/7\/revisions\/465"}],"wp:attachment":[{"href":"https:\/\/www.zasco.be\/fr\/wp-json\/wp\/v2\/media?parent=7"}],"curies":[{"name":"wp","href":"https:\/\/api.w.org\/{rel}","templated":true}]}}