{"id":68,"date":"2026-03-17T13:44:18","date_gmt":"2026-03-17T13:44:18","guid":{"rendered":"https:\/\/www.zasco.be\/?page_id=68"},"modified":"2026-04-29T12:59:33","modified_gmt":"2026-04-29T12:59:33","slug":"zasco-handgereedschap","status":"publish","type":"page","link":"https:\/\/www.zasco.be\/fr\/zasco-handgereedschap\/","title":{"rendered":"Zasco handgereedschap"},"content":{"rendered":"<h1>Outils \u00e0 main<\/h1>\n\t<p>Les outils \u00e0 main et les tournevis FORCE allient durabilit\u00e9 et facilit\u00e9 d'utilisation et sont utilis\u00e9s quotidiennement dans les ateliers professionnels.<\/p>\n\t\t\t<a href=\"https:\/\/www.zasco.be\/wp-content\/uploads\/2026\/03\/Promo-Zasco-2026_1.pdf\"  target=\"_blank\" rel=\"noopener\">\n\t\t\t\t\t\tVOIR NOTRE D\u00c9PLIANT PROMOTIONNEL\n\t\t\t\t\t<\/a>\n\t<h1>Pourquoi choisir les tournevis et les \noutils \u00e0 main FORCE ?<\/h1>\n\t<h2>Solide et fiable pour une utilisation intensive<\/h2>\n\t<h2>Poign\u00e9e confortable pour un contr\u00f4le optimal<\/h2>\n\t<h2>D\u00e9velopp\u00e9 pour les professionnels des ateliers<\/h2>\n\t<h2>Gamme compl\u00e8te d'outils \u00e0 main<\/h2>\n\t<h1>Un outil indispensable pour tous les ateliers<\/h1>\n\t<p>La gamme d'outils \u00e0 main FORCE comprend des cl\u00e9s, des tournevis, des cl\u00e9s Allen, des pinces, des marteaux et des outils de mesure. Con\u00e7us pour le confort, le contr\u00f4le et la durabilit\u00e9 dans le cadre d'une utilisation professionnelle quotidienne.<\/p>\n\t\t\t<a href=\"https:\/\/zasco-shop.be\/nl-be\/home.aspx\"  target=\"_blank\" rel=\"noopener\">\n\t\t\t\t\t\t\tVOIR LES ENSEMBLES COMPLETS\n\t\t\t\t\t<\/a>\n\t<h1>Des outils durables pour un usage quotidien<\/h1>\n\t<p>Gr\u00e2ce \u00e0 leur conception ergonomique et \u00e0 leurs mat\u00e9riaux robustes, les outils \u00e0 main FORCE offrent une solution fiable pour toute une s\u00e9rie de t\u00e2ches dans les garages et les ateliers.<\/p>\n\t\t\t<a href=\"https:\/\/www.zasco.be\/wp-content\/uploads\/2026\/03\/Promo-Zasco-2026_1.pdf\"  target=\"_blank\" rel=\"noopener\">\n\t\t\t\t\t\tVOIR NOTRE D\u00c9PLIANT PROMOTIONNEL\n\t\t\t\t\t<\/a>","protected":false},"excerpt":{"rendered":"<p>Handgereedschap Het handgereedschap en de schroevendraaiers van FORCE combineren duurzaamheid en gebruiksgemak en worden dagelijks gebruikt in professionele werkplaatsen. BEKIJK ONZE PROMO FOLDER Waarom FORCE schroevendraaiers en handgereedschap? Sterk en betrouwbaar voor intensief gebruik Comfortabele grip voor optimale controle Ontwikkeld voor professionals in de werkplaats Compleet assortiment handgereedschap Onmisbaar gereedschap voor elke werkplaats Het assortiment&hellip;<\/p>","protected":false},"author":1,"featured_media":0,"parent":0,"menu_order":0,"comment_status":"closed","ping_status":"closed","template":"","meta":{"_acf_changed":false,"_seopress_robots_primary_cat":"","_seopress_titles_title":"","_seopress_titles_desc":"","_seopress_robots_index":"","_seopress_analysis_target_kw":"","footnotes":""},"class_list":["post-68","page","type-page","status-publish","hentry"],"acf":[],"_links":{"self":[{"href":"https:\/\/www.zasco.be\/fr\/wp-json\/wp\/v2\/pages\/68","targetHints":{"allow":["GET"]}}],"collection":[{"href":"https:\/\/www.zasco.be\/fr\/wp-json\/wp\/v2\/pages"}],"about":[{"href":"https:\/\/www.zasco.be\/fr\/wp-json\/wp\/v2\/types\/page"}],"author":[{"embeddable":true,"href":"https:\/\/www.zasco.be\/fr\/wp-json\/wp\/v2\/users\/1"}],"replies":[{"embeddable":true,"href":"https:\/\/www.zasco.be\/fr\/wp-json\/wp\/v2\/comments?post=68"}],"version-history":[{"count":11,"href":"https:\/\/www.zasco.be\/fr\/wp-json\/wp\/v2\/pages\/68\/revisions"}],"predecessor-version":[{"id":471,"href":"https:\/\/www.zasco.be\/fr\/wp-json\/wp\/v2\/pages\/68\/revisions\/471"}],"wp:attachment":[{"href":"https:\/\/www.zasco.be\/fr\/wp-json\/wp\/v2\/media?parent=68"}],"curies":[{"name":"wp","href":"https:\/\/api.w.org\/{rel}","templated":true}]}}