{"id":61,"date":"2026-03-13T10:45:17","date_gmt":"2026-03-13T10:45:17","guid":{"rendered":"https:\/\/www.zasco.be\/?page_id=61"},"modified":"2026-04-29T12:57:37","modified_gmt":"2026-04-29T12:57:37","slug":"zasco-momentsleutels","status":"publish","type":"page","link":"https:\/\/www.zasco.be\/fr\/zasco-momentsleutels\/","title":{"rendered":"Zasco momentsleutels"},"content":{"rendered":"<h1>Cl\u00e9s dynamom\u00e9triques<\/h1>\n\t<p>Les cl\u00e9s dynamom\u00e9triques FORCE sont connues pour leur pr\u00e9cision et leur fiabilit\u00e9 et sont utilis\u00e9es dans le monde entier par des professionnels dans des ateliers professionnels.<\/p>\n\t\t\t<a href=\"https:\/\/www.zasco.be\/wp-content\/uploads\/2026\/03\/Promo-Zasco-2026_1.pdf\"  target=\"_blank\" rel=\"noopener\">\n\t\t\t\t\t\tVOIR NOTRE D\u00c9PLIANT PROMOTIONNEL\n\t\t\t\t\t<\/a>\n\t<h1>Pourquoi des outils<\/h1>\n<h1>les cl\u00e9s dynamom\u00e9triques FORCE ?<\/h1>\n\t<h2>Haute pr\u00e9cision pour des r\u00e9glages de couple corrects<\/h2>\n\t<h2>Des performances fiables dans toutes les applications<\/h2>\n\t<h2>Conception robuste pour une utilisation intensive<\/h2>\n\t<h2>Id\u00e9al pour les ateliers automobiles et techniques<\/h2>\n\t<h1>R\u00e9glages pr\u00e9cis du couple<\/h1>\n\t<p>FORCE momentsleutels bieden nauwkeurige controle over het aanhaalmoment en zijn beschikbaar in verschillende maten zoals 1\/4&#8243;, 3\/8&#8243;, 1\/2&#8243;, 3\/4&#8243; en 1&#8243;. Ideaal voor montagewerk waarbij nauwkeurigheid en betrouwbaarheid essentieel zijn.<\/p>\n\t\t\t<a href=\"https:\/\/zasco-shop.be\/nl-be\/home.aspx\"  target=\"_blank\" rel=\"noopener\">\n\t\t\t\t\t\t\tVOIR LES ENSEMBLES COMPLETS\n\t\t\t\t\t<\/a>\n\t<h1>Une pr\u00e9cision fiable pour les professionnels<\/h1>\n\t<p>Gr\u00e2ce \u00e0 leur m\u00e9canisme pr\u00e9cis et \u00e0 leur construction robuste, les cl\u00e9s dynamom\u00e9triques FORCE offrent une solution fiable pour une utilisation quotidienne dans les ateliers professionnels.<\/p>\n\t\t\t<a href=\"https:\/\/www.zasco.be\/wp-content\/uploads\/2026\/03\/Promo-Zasco-2026_1.pdf\"  target=\"_blank\" rel=\"noopener\">\n\t\t\t\t\t\tVOIR NOTRE D\u00c9PLIANT PROMOTIONNEL\n\t\t\t\t\t<\/a>","protected":false},"excerpt":{"rendered":"<p>Momentsleutels De momentsleutels van FORCE staan bekend om hun precisie en betrouwbaarheid en worden wereldwijd gebruikt door vakmensen in professionele werkplaatsen. BEKIJK ONZE PROMO FOLDER Waarom FORCE momentsleutels? Hoge precisie voor correcte koppelinstellingen Betrouwbare prestaties bij elke toepassing Robuust ontwerp voor intensief gebruik Ideaal voor automotive en technische werkplaatsen Nauwkeurige koppelinstellingen FORCE momentsleutels bieden nauwkeurige&hellip;<\/p>","protected":false},"author":1,"featured_media":0,"parent":0,"menu_order":0,"comment_status":"closed","ping_status":"closed","template":"","meta":{"_acf_changed":false,"_seopress_robots_primary_cat":"","_seopress_titles_title":"","_seopress_titles_desc":"","_seopress_robots_index":"","_seopress_analysis_target_kw":"","footnotes":""},"class_list":["post-61","page","type-page","status-publish","hentry"],"acf":[],"_links":{"self":[{"href":"https:\/\/www.zasco.be\/fr\/wp-json\/wp\/v2\/pages\/61","targetHints":{"allow":["GET"]}}],"collection":[{"href":"https:\/\/www.zasco.be\/fr\/wp-json\/wp\/v2\/pages"}],"about":[{"href":"https:\/\/www.zasco.be\/fr\/wp-json\/wp\/v2\/types\/page"}],"author":[{"embeddable":true,"href":"https:\/\/www.zasco.be\/fr\/wp-json\/wp\/v2\/users\/1"}],"replies":[{"embeddable":true,"href":"https:\/\/www.zasco.be\/fr\/wp-json\/wp\/v2\/comments?post=61"}],"version-history":[{"count":11,"href":"https:\/\/www.zasco.be\/fr\/wp-json\/wp\/v2\/pages\/61\/revisions"}],"predecessor-version":[{"id":469,"href":"https:\/\/www.zasco.be\/fr\/wp-json\/wp\/v2\/pages\/61\/revisions\/469"}],"wp:attachment":[{"href":"https:\/\/www.zasco.be\/fr\/wp-json\/wp\/v2\/media?parent=61"}],"curies":[{"name":"wp","href":"https:\/\/api.w.org\/{rel}","templated":true}]}}