{"id":52,"date":"2026-03-13T10:30:11","date_gmt":"2026-03-13T10:30:11","guid":{"rendered":"https:\/\/www.zasco.be\/?page_id=52"},"modified":"2026-04-29T12:56:50","modified_gmt":"2026-04-29T12:56:50","slug":"zasco-doppen-en-ratelsystemen","status":"publish","type":"page","link":"https:\/\/www.zasco.be\/fr\/zasco-doppen-en-ratelsystemen\/","title":{"rendered":"Zasco doppen en ratelsystemen"},"content":{"rendered":"<h1>Jeux de douilles avec cliquet<\/h1>\n\t<p>Les capuchons et cliquets FORCE sont un \u00e9l\u00e9ment essentiel de la gamme et sont utilis\u00e9s dans les ateliers professionnels du monde entier.<\/p>\n\t\t\t<a href=\"https:\/\/www.zasco.be\/wp-content\/uploads\/2026\/03\/Promo-Zasco-2026_1.pdf\"  target=\"_blank\" rel=\"noopener\">\n\t\t\t\t\t\tVOIR NOTRE D\u00c9PLIANT PROMOTIONNEL\n\t\t\t\t\t<\/a>\n\t<h1>Pourquoi choisir les douilles<\/h1>\n<h1>et cliquets FORCE ?<\/h1>\n\t<h2>Robuste et durable pour une utilisation professionnelle quotidienne<\/h2>\n\t<h2>Usin\u00e9 avec une pr\u00e9cision extr\u00eame pour un ajustement optimal.<\/h2>\n\t<h2>Large gamme de jeux de douilles avec cliquet<\/h2>\n\t<h2>Performances fiables dans chaque atelier<\/h2>\n\t<h1>Jeux complets pour chaque atelier<\/h1>\n\t<p>FORCE doppen en ratels zijn beschikbaar in verschillende maten en configuraties, van 1\/4&#8243; tot 1&#8243;. Veel sets worden geleverd in koffers of foam modules, zodat werkplaatsen meteen beschikken over een overzichtelijke en complete oplossing voor dagelijks gebruik.<\/p>\n\t\t\t<a href=\"https:\/\/zasco-shop.be\/nl-be\/home.aspx\"  target=\"_blank\" rel=\"noopener\">\n\t\t\t\t\t\t\tVOIR LES ENSEMBLES COMPLETS\n\t\t\t\t\t<\/a>\n\t<h1>Qualit\u00e9 professionnelle pour usage intensif<\/h1>\n\t<p>Gr\u00e2ce \u00e0 leur pr\u00e9cision, leur durabilit\u00e9 et leur large gamme, les capuchons et cliquets FORCE sont un choix fiable pour les ateliers professionnels.<\/p>\n\t\t\t<a href=\"https:\/\/www.zasco.be\/wp-content\/uploads\/2026\/03\/Promo-Zasco-2026_1.pdf\"  target=\"_blank\" rel=\"noopener\">\n\t\t\t\t\t\tVOIR NOTRE D\u00c9PLIANT PROMOTIONNEL\n\t\t\t\t\t<\/a>","protected":false},"excerpt":{"rendered":"<p>Doppensets en ratels De doppen en ratels van FORCE vormen een essentieel onderdeel van het assortiment en worden wereldwijd gebruikt in professionele werkplaatsen. BEKIJK ONZE PROMO FOLDER Waarom FORCE doppensets en ratels? Sterk en duurzaam voor dagelijks professioneel gebruik Precisie gefreesd voor optimale pasvorm Uitgebreid assortiment doppen en ratels Betrouwbare prestaties in elke werkplaats Complete&hellip;<\/p>","protected":false},"author":1,"featured_media":0,"parent":0,"menu_order":0,"comment_status":"closed","ping_status":"closed","template":"","meta":{"_acf_changed":false,"_seopress_robots_primary_cat":"","_seopress_titles_title":"","_seopress_titles_desc":"","_seopress_robots_index":"","_seopress_analysis_target_kw":"","footnotes":""},"class_list":["post-52","page","type-page","status-publish","hentry"],"acf":[],"_links":{"self":[{"href":"https:\/\/www.zasco.be\/fr\/wp-json\/wp\/v2\/pages\/52","targetHints":{"allow":["GET"]}}],"collection":[{"href":"https:\/\/www.zasco.be\/fr\/wp-json\/wp\/v2\/pages"}],"about":[{"href":"https:\/\/www.zasco.be\/fr\/wp-json\/wp\/v2\/types\/page"}],"author":[{"embeddable":true,"href":"https:\/\/www.zasco.be\/fr\/wp-json\/wp\/v2\/users\/1"}],"replies":[{"embeddable":true,"href":"https:\/\/www.zasco.be\/fr\/wp-json\/wp\/v2\/comments?post=52"}],"version-history":[{"count":11,"href":"https:\/\/www.zasco.be\/fr\/wp-json\/wp\/v2\/pages\/52\/revisions"}],"predecessor-version":[{"id":468,"href":"https:\/\/www.zasco.be\/fr\/wp-json\/wp\/v2\/pages\/52\/revisions\/468"}],"wp:attachment":[{"href":"https:\/\/www.zasco.be\/fr\/wp-json\/wp\/v2\/media?parent=52"}],"curies":[{"name":"wp","href":"https:\/\/api.w.org\/{rel}","templated":true}]}}