{"id":40,"date":"2026-03-12T15:32:11","date_gmt":"2026-03-12T15:32:11","guid":{"rendered":"https:\/\/www.zasco.be\/?page_id=40"},"modified":"2026-04-29T12:58:25","modified_gmt":"2026-04-29T12:58:25","slug":"zasco-gereedschapswagens","status":"publish","type":"page","link":"https:\/\/www.zasco.be\/fr\/zasco-gereedschapswagens\/","title":{"rendered":"Zasco gereedschapswagens"},"content":{"rendered":"<h1>Servantes d\u2019atelier<\/h1>\n\t<p>Les servantes d\u2019atelier FORCE font partie int\u00e9grante de la gamme et sont largement utilis\u00e9es dans les ateliers professionnels \u00e0 travers le monde.<\/p>\n\t\t\t<a href=\"https:\/\/www.zasco.be\/wp-content\/uploads\/2026\/03\/Promofolder-Zasco-2026-1-gereedschapswagens.pdf\"  target=\"_blank\" rel=\"noopener\">\n\t\t\t\t\t\tVOIR NOTRE CATALOGUE\n\t\t\t\t\t<\/a>\n\t<h1>Pourquoi choisir les servantes d\u2019atelier FORCE ?<\/h1>\n\t<h2>Robuste construction pour un usage professionnel quotidien<\/h2>\n\t<h2>Conception fine pour un travail efficace<\/h2>\n\t<h2>Disponible comme chariot vide ou coffret complet d'outils<\/h2>\n\t<h2>Parfait pour les garages et les ateliers techniques<\/h2>\n\t<h1>Ensembles d'outils complets pour un d\u00e9marrage rapide<\/h1>\n\t<p>De nombreux mod\u00e8les sont disponibles en kits d'outils complets, o\u00f9 des outils professionnels sont soigneusement dispos\u00e9s dans des modules en mousse. Les ateliers disposent ainsi imm\u00e9diatement d'une solution compl\u00e8te et organis\u00e9e, pr\u00eate pour un usage quotidien.<\/p>\n\t\t\t<a href=\"https:\/\/zasco-shop.be\/nl-be\/home.aspx\"  target=\"_blank\" rel=\"noopener\">\n\t\t\t\t\t\t\tVOIR LES ENSEMBLES COMPLETS\n\t\t\t\t\t<\/a>\n\t<h1>Excellent rapport qualit\u00e9-prix<\/h1>\n\t<p>La combinaison de la qualit\u00e9, de la fonctionnalit\u00e9 et du prix fait des servantes d'outils FORCE une alternative particuli\u00e8rement attrayante \u00e0 de nombreuses marques premium beaucoup plus ch\u00e8res.<\/p>\n\t<h2>Servantes d\u2019atelier l\u00e9g\u00e8res<\/h2>\n\t<p>Les servantes d\u2019atelier robustes de Force Tools offrent une solution fiable et efficace pour organiser vos outils.\n\nGr\u00e2ce \u00e0 leur construction solide, leurs tiroirs \u00e0 coulissement fluide et leur finition r\u00e9sistante, elles sont parfaitement adapt\u00e9es \u00e0 une utilisation intensive en garage, en atelier ou en environnement industriel.\n\nEn optant pour une servante d\u2019atelier vide, vous d\u00e9finissez vous-m\u00eame l\u2019agencement et le contenu. Vos outils restent ainsi bien organis\u00e9s et toujours \u00e0 port\u00e9e de main.<\/p>\n<p>Gr\u00e2ce \u00e0 leur construction robuste, leurs tiroirs coulissants en douceur et leur finition durable, ils conviennent \u00e0 une utilisation intensive dans les garages, les ateliers et les environnements industriels.<\/p>\n<p>Avec un chariot \u00e0 outils vide, vous d\u00e9terminez vous-m\u00eame l'agencement et le contenu, de sorte que vos outils existants restent organis\u00e9s et toujours \u00e0 port\u00e9e de main.<\/p>\n\t<h2>Servantes d\u2019atelier \u00e9quip\u00e9es<\/h2>\n\t<p>Les servantes d'atelier remplies de Force Tools sont une solution compl\u00e8te et pr\u00eate \u00e0 l'emploi pour les ateliers professionnels.<\/p>\n<p>Chaque servante est \u00e9quip\u00e9 d'un ensemble m\u00e9ticuleusement s\u00e9lectionn\u00e9 d'outils \u00e0 main Force, soigneusement rang\u00e9s dans des tiroirs robustes.<\/p>\n<p>Ces chariots combinent une construction robuste avec une disposition de travail efficace, afin que les techniciens et les m\u00e9caniciens aient rapidement \u00e0 port\u00e9e de main le bon outil pour les t\u00e2ches quotidiennes.<\/p>\n\t\t\t<a href=\"https:\/\/zasco-shop.be\/nl-be\/home.aspx\"  target=\"_blank\" rel=\"noopener\">\n\t\t\t\t\t\t\tCONSULTEZ NOTRE BOUTIQUE EN LIGNE\n\t\t\t\t\t<\/a>","protected":false},"excerpt":{"rendered":"<p>Gereedschapswagens De gereedschapswagens van FORCE zijn een essentieel onderdeel van het assortiment en worden wereldwijd gebruikt in professionele werkplaatsen. BEKIJK ONZE CATALOGUS Waarom FORCE gereedschapswagens? Robuust gebouwd voor dagelijks professioneel gebruik Slim ontworpen voor effici\u00ebnt werken Leverbaar als lege wagen of complete toolset Perfect voor garages en technische werkplaatsen Complete toolsets voor een snelle start&hellip;<\/p>","protected":false},"author":1,"featured_media":0,"parent":0,"menu_order":0,"comment_status":"closed","ping_status":"closed","template":"","meta":{"_acf_changed":false,"_seopress_robots_primary_cat":"","_seopress_titles_title":"","_seopress_titles_desc":"","_seopress_robots_index":"","_seopress_analysis_target_kw":"","footnotes":""},"class_list":["post-40","page","type-page","status-publish","hentry"],"acf":[],"_links":{"self":[{"href":"https:\/\/www.zasco.be\/fr\/wp-json\/wp\/v2\/pages\/40","targetHints":{"allow":["GET"]}}],"collection":[{"href":"https:\/\/www.zasco.be\/fr\/wp-json\/wp\/v2\/pages"}],"about":[{"href":"https:\/\/www.zasco.be\/fr\/wp-json\/wp\/v2\/types\/page"}],"author":[{"embeddable":true,"href":"https:\/\/www.zasco.be\/fr\/wp-json\/wp\/v2\/users\/1"}],"replies":[{"embeddable":true,"href":"https:\/\/www.zasco.be\/fr\/wp-json\/wp\/v2\/comments?post=40"}],"version-history":[{"count":11,"href":"https:\/\/www.zasco.be\/fr\/wp-json\/wp\/v2\/pages\/40\/revisions"}],"predecessor-version":[{"id":470,"href":"https:\/\/www.zasco.be\/fr\/wp-json\/wp\/v2\/pages\/40\/revisions\/470"}],"wp:attachment":[{"href":"https:\/\/www.zasco.be\/fr\/wp-json\/wp\/v2\/media?parent=40"}],"curies":[{"name":"wp","href":"https:\/\/api.w.org\/{rel}","templated":true}]}}