{"id":126,"date":"2026-03-16T10:07:02","date_gmt":"2026-03-16T10:07:02","guid":{"rendered":"https:\/\/www.zasco.be\/?page_id=126"},"modified":"2026-04-21T21:21:00","modified_gmt":"2026-04-21T21:21:00","slug":"zasco-contact","status":"publish","type":"page","link":"https:\/\/www.zasco.be\/fr\/zasco-contact\/","title":{"rendered":"Zasco contact"},"content":{"rendered":"<h1>Nous sommes \u00e0 votre disposition pour r\u00e9pondre \u00e0 vos questions<\/h1>\n\t<p><img decoding=\"async\" src=\"https:\/\/www.zasco.be\/wp-content\/uploads\/2026\/03\/EnvelopeOpen.webp\" alt=\"e-mail icoon\" width=\"25\" height=\"25\" \/><a href=\"\/fr\/info@zasco.be\/\">info@zasco.be<\/a><\/p>\n<p><img decoding=\"async\" src=\"https:\/\/www.zasco.be\/wp-content\/uploads\/2026\/03\/Telephone-1.webp\" alt=\"telefoon icoon\" width=\"25\" height=\"25\" \/><a href=\"tel:+3293600152\">+32 9 360 01 52<\/a><\/p>\n<p><img decoding=\"async\" src=\"https:\/\/www.zasco.be\/wp-content\/uploads\/2026\/03\/CardHeading.webp\" alt=\"adres icoon\" width=\"25\" height=\"25\" \/> Soit dit en passant : BE0432.389.277<\/p>\n<p><img decoding=\"async\" src=\"https:\/\/www.zasco.be\/wp-content\/uploads\/2026\/03\/PinMap.webp\" alt=\"pin icoon\" width=\"25\" height=\"25\" \/><a href=\"https:\/\/maps.app.goo.gl\/679HruL7XmuJeXQp6\" target=\"_blank\" rel=\"noopener\">Wassenhovestraat 3, 9620 Zottegem, Belgique<\/a><\/p>\n\t\n\t\n\tMelding: voor dit product is een JavaScript vereist.\n        <!-- That data is being printed as a workaround to page builders reordering the order of the scripts loaded-->","protected":false},"excerpt":{"rendered":"<p>Wij beantwoorden graag uw vragen info@zasco.be +32 9 360 01 52 BTW: BE0432.389.277 Wassenhovestraat 3, 9620 Zottegem, Belgi\u00eb Melding: voor dit product is een JavaScript vereist.<\/p>","protected":false},"author":1,"featured_media":0,"parent":0,"menu_order":0,"comment_status":"closed","ping_status":"closed","template":"","meta":{"_acf_changed":false,"_seopress_robots_primary_cat":"","_seopress_titles_title":"","_seopress_titles_desc":"","_seopress_robots_index":"","_seopress_analysis_target_kw":"","footnotes":""},"class_list":["post-126","page","type-page","status-publish","hentry"],"acf":[],"_links":{"self":[{"href":"https:\/\/www.zasco.be\/fr\/wp-json\/wp\/v2\/pages\/126","targetHints":{"allow":["GET"]}}],"collection":[{"href":"https:\/\/www.zasco.be\/fr\/wp-json\/wp\/v2\/pages"}],"about":[{"href":"https:\/\/www.zasco.be\/fr\/wp-json\/wp\/v2\/types\/page"}],"author":[{"embeddable":true,"href":"https:\/\/www.zasco.be\/fr\/wp-json\/wp\/v2\/users\/1"}],"replies":[{"embeddable":true,"href":"https:\/\/www.zasco.be\/fr\/wp-json\/wp\/v2\/comments?post=126"}],"version-history":[{"count":11,"href":"https:\/\/www.zasco.be\/fr\/wp-json\/wp\/v2\/pages\/126\/revisions"}],"predecessor-version":[{"id":461,"href":"https:\/\/www.zasco.be\/fr\/wp-json\/wp\/v2\/pages\/126\/revisions\/461"}],"wp:attachment":[{"href":"https:\/\/www.zasco.be\/fr\/wp-json\/wp\/v2\/media?parent=126"}],"curies":[{"name":"wp","href":"https:\/\/api.w.org\/{rel}","templated":true}]}}