{"id":115,"date":"2026-03-16T08:33:01","date_gmt":"2026-03-16T08:33:01","guid":{"rendered":"https:\/\/www.zasco.be\/?page_id=115"},"modified":"2026-03-23T22:34:55","modified_gmt":"2026-03-23T22:34:55","slug":"zasco-about","status":"publish","type":"page","link":"https:\/\/www.zasco.be\/fr\/zasco-about\/","title":{"rendered":"Zasco about"},"content":{"rendered":"<h1>\u00c0 propos de ZASCO<\/h1>\n\t<p>Depuis plus de 40 ans, ZASCO est un partenaire fiable dans la distribution d'outils professionnels.<\/p>\n\t\t\t\t\t\t\t\t\t<img decoding=\"async\" src=\"https:\/\/www.zasco.be\/wp-content\/uploads\/2026\/03\/icon-klok.webp\" alt=\"Icoon dat staat voor snelle en betrouwbare levering\" itemprop=\"image\" height=\"100\" width=\"100\" title=\"ic\u00f4ne-horloge\" onerror=\"this.style.display='none'\"  \/>\n\t<h2>Livraison rapide et fiable<\/h2>\n\t\t\t\t\t\t\t\t\t<img decoding=\"async\" src=\"https:\/\/www.zasco.be\/wp-content\/uploads\/2026\/03\/icon-badge.webp\" alt=\"Icon voor professionele kwaliteit voor een sterke prijs\" itemprop=\"image\" height=\"100\" width=\"100\" title=\"ic\u00f4ne-badge\" onerror=\"this.style.display='none'\"  \/>\n\t<h2>Qualit\u00e9 professionnelle \u00e0 un prix avantageux<\/h2>\n\t\t\t\t\t\t\t\t\t<img decoding=\"async\" src=\"https:\/\/www.zasco.be\/wp-content\/uploads\/2026\/03\/icon-gereedschap.webp\" alt=\"icoon voor professionele werkplaatsen\" itemprop=\"image\" height=\"100\" width=\"100\" title=\"outil ic\u00f4ne\" onerror=\"this.style.display='none'\"  \/>\n\t<h2>Prouv\u00e9 dans des ateliers professionnels<\/h2>\n\t\t\t\t\t\t\t\t\t<img decoding=\"async\" src=\"https:\/\/www.zasco.be\/wp-content\/uploads\/2026\/03\/icon-boxes.webp\" alt=\"icoon voor consistente voorraad\" itemprop=\"image\" height=\"100\" width=\"100\" title=\"bo\u00eetes-ic\u00f4nes\" onerror=\"this.style.display='none'\"  \/>\n\t<h2>Stock toujours constant<\/h2>\n\t<p><strong>ZASCO<\/strong> a d\u00e9j\u00e0 plus de <strong>40 ans d'exp\u00e9rience <\/strong>dans la distribution et l\u2019importation d\u2019outils professionnels. Depuis 1995, ZASCO est le distributeur officiel des <strong>Outils professionnels FORCE<\/strong> en Belgique. Gr\u00e2ce \u00e0 cette solide exp\u00e9rience et \u00e0 une collaboration \u00e9troite avec ses revendeurs, ZASCO s\u2019est forg\u00e9 une r\u00e9putation de partenaire fiable aupr\u00e8s des professionnels du secteur.<\/p>\n\t<h1>Votre interlocuteur chez ZASCO<\/h1>\n\t<p>Une \u00e9quipe exp\u00e9riment\u00e9e et engag\u00e9e, au service de nos revendeurs au quotidien.<\/p>\n\t\t\t\t\t\t\t\t\t<img decoding=\"async\" src=\"http:\/\/www.zasco.be\/wp-content\/uploads\/2026\/03\/People.webp\" alt=\"People icon\" itemprop=\"image\" title=\"Les personnes\" onerror=\"this.style.display='none'\"  \/>\n\t<p><strong>Davy Vanneste<\/strong><\/p>\n\t<p>Directeur g\u00e9n\u00e9ral<\/p>\n\t<p>Strat\u00e9gie<\/p>\n<p>Partenariats<\/p>\n\t\t\t\t\t\t\t\t\t<img decoding=\"async\" src=\"http:\/\/www.zasco.be\/wp-content\/uploads\/2026\/03\/People.webp\" alt=\"People icon\" itemprop=\"image\" title=\"Les personnes\" onerror=\"this.style.display='none'\"  \/>\n\t<p><strong>Jessy Reyns<\/strong><\/p>\n\t<p>Responsable op\u00e9rationnel<\/p>\n\t<p>Administration<\/p>\n<p>Achat <\/p>\n<p>Organisation interne<\/p>\n\t\t\t\t\t\t\t\t\t<img decoding=\"async\" src=\"http:\/\/www.zasco.be\/wp-content\/uploads\/2026\/03\/People.webp\" alt=\"People icon\" itemprop=\"image\" title=\"Les personnes\" onerror=\"this.style.display='none'\"  \/>\n\t<p><strong>Dave Reyns<\/strong><\/p>\n\t<p>Ventes et logistique<\/p>\n\t<p>Livraisons<\/p>\n<p>Contact client<\/p>\n\t\t\t\t\t\t\t\t\t<img decoding=\"async\" src=\"http:\/\/www.zasco.be\/wp-content\/uploads\/2026\/03\/People.webp\" alt=\"People icon\" itemprop=\"image\" title=\"Les personnes\" onerror=\"this.style.display='none'\"  \/>\n\t<p><strong>Ruben Schouppe<\/strong><\/p>\n\t<p>Ventes et logistique<\/p>\n\t<p>Livraisons<\/p>\n<p>Service \u00e0 la client\u00e8le<\/p>\n\t\t\t\t\t\t\t\t\t<img decoding=\"async\" src=\"http:\/\/www.zasco.be\/wp-content\/uploads\/2026\/03\/People.webp\" alt=\"People icon\" itemprop=\"image\" title=\"Les personnes\" onerror=\"this.style.display='none'\"  \/>\n\t<p><strong>Nancy De Saeger<\/strong><\/p>\n\t<p>Service \u00e0 la client\u00e8le<\/p>\n\t<p>Commandes <\/p>\n<p>Questions des clients<\/p>\n\t\t\t\t\t\t\t\t\t<img decoding=\"async\" src=\"http:\/\/www.zasco.be\/wp-content\/uploads\/2026\/03\/People.webp\" alt=\"People icon\" itemprop=\"image\" title=\"Les personnes\" onerror=\"this.style.display='none'\"  \/>\n\t<p><strong>Franky De Naeyer<\/strong><\/p>\n\t<p>Entrep\u00f4t et logistique<\/p>\n\t<p>Stock<\/p>\n<p>Exp\u00e9dition<\/p>\n\t<h1>Une nouvelle \u00e9tape pour ZASCO<\/h1>\n\t<p>Avec une nouvelle dynamique et une ambition claire de croissance, ZASCO renforce son r\u00f4le de partenaire fiable dans le domaine de l\u2019outillage. C\u2019est pourquoi nous continuons \u00e0 investir dans :<\/p>\n\t<p><img decoding=\"async\" src=\"http:\/\/www.zasco.be\/wp-content\/uploads\/2026\/03\/Check.webp\" alt=\"Check icoon voor belangrijke punten van dealer worden\" width=\"25\" height=\"20\" \/>Des marques fortes, telles que FORCE Professional Tools<\/p>\n<p><img decoding=\"async\" src=\"http:\/\/www.zasco.be\/wp-content\/uploads\/2026\/03\/Check.webp\" alt=\"Check icoon voor belangrijke punten van dealer worden\" width=\"25\" height=\"20\" \/>Une logistique performante et des livraisons rapides<\/p>\n<p><img decoding=\"async\" src=\"http:\/\/www.zasco.be\/wp-content\/uploads\/2026\/03\/Check.webp\" alt=\"Check icoon voor belangrijke punten van dealer worden\" width=\"25\" height=\"20\" \/>Une disponibilit\u00e9 constante des produits<\/p>\n<p><img decoding=\"async\" src=\"http:\/\/www.zasco.be\/wp-content\/uploads\/2026\/03\/Check.webp\" alt=\"Check icoon voor belangrijke punten van dealer worden\" width=\"25\" height=\"20\" \/>Des partenariats durables avec des distributeurs professionnels<\/p>\n<p><img decoding=\"async\" src=\"http:\/\/www.zasco.be\/wp-content\/uploads\/2026\/03\/Check.webp\" alt=\"Check icoon voor belangrijke punten van dealer worden\" width=\"25\" height=\"20\" \/>La qualit\u00e9, le service et le partenariat au c\u0153ur de notre approche<\/p>\n\t<p>Ensemble avec nos partenaires, nous continuons \u00e0 construire un avenir solide pour le commerce professionnel.<\/p>","protected":false},"excerpt":{"rendered":"<p>Over ZASCO ZASCO is al meer dan 40 jaar een betrouwbare partner in de distributie van professioneel gereedschap voor de vakhandel. Snelle en betrouwbare levering Professioneel kwaliteit voor een sterke prijs Bewezen in professionele werkplaatsen Altijd consistente voorraad ZASCO heeft al meer dan 40 jaar ervaring in de distributie en import van professioneel gereedschap. Sinds&hellip;<\/p>","protected":false},"author":1,"featured_media":0,"parent":0,"menu_order":0,"comment_status":"closed","ping_status":"closed","template":"","meta":{"_acf_changed":false,"_seopress_robots_primary_cat":"","_seopress_titles_title":"","_seopress_titles_desc":"","_seopress_robots_index":"","_seopress_analysis_target_kw":"","footnotes":""},"class_list":["post-115","page","type-page","status-publish","hentry"],"acf":[],"_links":{"self":[{"href":"https:\/\/www.zasco.be\/fr\/wp-json\/wp\/v2\/pages\/115","targetHints":{"allow":["GET"]}}],"collection":[{"href":"https:\/\/www.zasco.be\/fr\/wp-json\/wp\/v2\/pages"}],"about":[{"href":"https:\/\/www.zasco.be\/fr\/wp-json\/wp\/v2\/types\/page"}],"author":[{"embeddable":true,"href":"https:\/\/www.zasco.be\/fr\/wp-json\/wp\/v2\/users\/1"}],"replies":[{"embeddable":true,"href":"https:\/\/www.zasco.be\/fr\/wp-json\/wp\/v2\/comments?post=115"}],"version-history":[{"count":11,"href":"https:\/\/www.zasco.be\/fr\/wp-json\/wp\/v2\/pages\/115\/revisions"}],"predecessor-version":[{"id":372,"href":"https:\/\/www.zasco.be\/fr\/wp-json\/wp\/v2\/pages\/115\/revisions\/372"}],"wp:attachment":[{"href":"https:\/\/www.zasco.be\/fr\/wp-json\/wp\/v2\/media?parent=115"}],"curies":[{"name":"wp","href":"https:\/\/api.w.org\/{rel}","templated":true}]}}