{"id":97,"date":"2026-03-13T15:00:00","date_gmt":"2026-03-13T15:00:00","guid":{"rendered":"https:\/\/www.zasco.be\/?page_id=97"},"modified":"2026-03-23T15:32:16","modified_gmt":"2026-03-23T15:32:16","slug":"zasco-dealer-worden","status":"publish","type":"page","link":"https:\/\/www.zasco.be\/de\/zasco-dealer-worden\/","title":{"rendered":"Zasco dealer worden"},"content":{"rendered":"<h1>Ein starker Partner f\u00fcr den professionellen Werkzeugverkauf<\/h1>\n\t<p>ZASCO unterst\u00fctzt professionelle H\u00e4ndler und Distributoren mit dem Fokus auf Zuverl\u00e4ssigkeit, Verf\u00fcgbarkeit und Respekt f\u00fcr den Vertriebskanal.<\/p>\n\t\t\t<a href=\"https:\/\/www.zasco.be\/de\/zasco-contact\/\"  target=\"_self\">\n\t\t\t\t\t\t\tNehmen Sie Kontakt auf\n\t\t\t\t\t<\/a>\n\t<h1>Warum kooperieren<\/h1>\n<h1>mit ZASCO?<\/h1>\n\t\t\t\t\t\t\t\t\t<img decoding=\"async\" src=\"https:\/\/www.zasco.be\/wp-content\/uploads\/2026\/03\/Award.webp\" alt=\"Award icon\" itemprop=\"image\" height=\"100\" width=\"100\" title=\"Auszeichnung\" onerror=\"this.style.display='none'\"  \/>\n\t<h2>Professionelles Werkzeug mit ausgezeichnetem Preis-Leistungs-Verh\u00e4ltnis<\/h2>\n\t\t\t\t\t\t\t\t\t<img decoding=\"async\" src=\"https:\/\/www.zasco.be\/wp-content\/uploads\/2026\/03\/People.webp\" alt=\"People icon\" itemprop=\"image\" height=\"100\" width=\"100\" title=\"Leute\" onerror=\"this.style.display='none'\"  \/>\n\t<h2>Ein Vertriebsmodell, das den H\u00e4ndler respektiert<\/h2>\n\t\t\t\t\t\t\t\t\t<img decoding=\"async\" src=\"https:\/\/www.zasco.be\/wp-content\/uploads\/2026\/03\/Wrench.webp\" alt=\"wrench icon\" itemprop=\"image\" height=\"100\" width=\"100\" title=\"Schraubenschl\u00fcssel\" onerror=\"this.style.display='none'\"  \/>\n\t<h2>Produkte, die sich in professionellen Werkst\u00e4tten bew\u00e4hrt haben<\/h2>\n\t\t\t\t\t\t\t\t\t<img decoding=\"async\" src=\"https:\/\/www.zasco.be\/wp-content\/uploads\/2026\/03\/Truck.webp\" alt=\"truck icon\" itemprop=\"image\" height=\"100\" width=\"100\" title=\"Lkw\" onerror=\"this.style.display='none'\"  \/>\n\t<h2>Schnelle Lieferung ab Lager<\/h2>\n\t\t\t\t\t\t\t\t\t<img decoding=\"async\" src=\"https:\/\/www.zasco.be\/wp-content\/uploads\/2026\/03\/BoxSeam.webp\" alt=\"Box icon\" itemprop=\"image\" height=\"100\" width=\"100\" title=\"BoxSeam\" onerror=\"this.style.display='none'\"  \/>\n\t<h2>Zuverl\u00e4ssige Verf\u00fcgbarkeit<\/h2>\n\t\t\t\t\t\t\t\t\t<img decoding=\"async\" src=\"https:\/\/www.zasco.be\/wp-content\/uploads\/2026\/03\/Telephone.webp\" alt=\"phone icon\" itemprop=\"image\" height=\"100\" width=\"100\" title=\"Telefon\" onerror=\"this.style.display='none'\"  \/>\n\t\t\t<a href=\"https:\/\/www.zasco.be\/de\/zasco-contact\/\"  target=\"_self\">\n\t\t\t\t\t\t\tNehmen Sie Kontakt auf\n\t\t\t\t\t<\/a>\n\t<h1>Ein starker Partner<\/h1>\n\t<p>ZASCO unterst\u00fctzt ein starkes Netz von professionellen H\u00e4ndlern und Distributoren im Fachhandel. Durch unsere langj\u00e4hrige Erfahrung in der Branche wissen wir, worauf es unseren Partnern und deren Kunden ankommt.<\/p>\n<p>Unsere Partner entscheiden sich f\u00fcr ZASCO, weil wir auf Zuverl\u00e4ssigkeit, stabile Produktverf\u00fcgbarkeit und ein Vertriebsmodell setzen, das den Vertriebskanal respektiert. Dank eines effizienten Logistiksystems und eines sorgf\u00e4ltig zusammengestellten Sortiments k\u00f6nnen die H\u00e4ndler auf eine schnelle Lieferung und Unterst\u00fctzung z\u00e4hlen.<\/p>\n<p>Auf diese Weise helfen wir unseren Partnern, ihre Kunden jeden Tag professionell und zuverl\u00e4ssig zu bedienen.<\/p>\n\t<h1>H\u00e4ndler werden?<\/h1>\n\t<p>Interesse an der Verteilung von FORCE-Werkzeugen?<\/p>\n<p>Kontaktieren Sie uns und finden Sie heraus, wie wir gemeinsam eine starke Partnerschaft aufbauen k\u00f6nnen.<\/p>\n\t\t\t<a href=\"https:\/\/www.zasco.be\/de\/zasco-contact\/\"  target=\"_self\">\n\t\t\t\t\t\t\tNehmen Sie Kontakt auf\n\t\t\t\t\t<\/a>","protected":false},"excerpt":{"rendered":"<p>Een sterke partner voor professionele gereedschapsverkoop ZASCO ondersteunt professionele dealers en distributeurs met focus op betrouwbaarheid, beschikbaarheid en respect voor het distributiekanaal. NEEM CONTACT OP Waarom samenwerken met ZASCO? Professioneel gereedschap met uitstekende prijs-kwaliteit Een distributiemodel dat de dealer respecteert Producten die bewezen zijn in professionele werkplaatsen Snelle levering uit voorraad Betrouwbare beschikbaarheid NEEM CONTACT&hellip;<\/p>","protected":false},"author":1,"featured_media":0,"parent":0,"menu_order":0,"comment_status":"closed","ping_status":"closed","template":"","meta":{"_acf_changed":false,"_seopress_robots_primary_cat":"","_seopress_titles_title":"","_seopress_titles_desc":"","_seopress_robots_index":"","_seopress_analysis_target_kw":"","footnotes":""},"class_list":["post-97","page","type-page","status-publish","hentry"],"acf":[],"_links":{"self":[{"href":"https:\/\/www.zasco.be\/de\/wp-json\/wp\/v2\/pages\/97","targetHints":{"allow":["GET"]}}],"collection":[{"href":"https:\/\/www.zasco.be\/de\/wp-json\/wp\/v2\/pages"}],"about":[{"href":"https:\/\/www.zasco.be\/de\/wp-json\/wp\/v2\/types\/page"}],"author":[{"embeddable":true,"href":"https:\/\/www.zasco.be\/de\/wp-json\/wp\/v2\/users\/1"}],"replies":[{"embeddable":true,"href":"https:\/\/www.zasco.be\/de\/wp-json\/wp\/v2\/comments?post=97"}],"version-history":[{"count":11,"href":"https:\/\/www.zasco.be\/de\/wp-json\/wp\/v2\/pages\/97\/revisions"}],"predecessor-version":[{"id":383,"href":"https:\/\/www.zasco.be\/de\/wp-json\/wp\/v2\/pages\/97\/revisions\/383"}],"wp:attachment":[{"href":"https:\/\/www.zasco.be\/de\/wp-json\/wp\/v2\/media?parent=97"}],"curies":[{"name":"wp","href":"https:\/\/api.w.org\/{rel}","templated":true}]}}