{"id":90,"date":"2026-03-13T14:03:15","date_gmt":"2026-03-13T14:03:15","guid":{"rendered":"https:\/\/www.zasco.be\/?page_id=90"},"modified":"2026-03-23T15:19:15","modified_gmt":"2026-03-23T15:19:15","slug":"zasco-assortiment","status":"publish","type":"page","link":"https:\/\/www.zasco.be\/de\/zasco-assortiment\/","title":{"rendered":"Zasco assortiment"},"content":{"rendered":"<h1>Unsere Produktpalette<\/h1>\n\t<p>Eine breite Palette an professionellen Werkzeugen f\u00fcr Werkst\u00e4tten und industrielle Anwendungen, mit FORCE Professional Tools als Herzst\u00fcck unseres Angebots.<\/p>\n\t\t\t<a href=\"https:\/\/www.zasco.be\/wp-content\/uploads\/2026\/03\/catalogus_web.pdf\"  target=\"_blank\" rel=\"noopener\">\n\t\t\t\t\t\tUNSEREN KATALOG ANSEHEN\n\t\t\t\t\t<\/a>\n\t<h1>Die Grundlage jeder professionellen Werkstatt<\/h1>\n\t<p>Robuste Werkzeugwagen mit einer intelligenten Aufteilung und maximaler Lagerkapazit\u00e4t. Ideal f\u00fcr Fachleute, die ihre Werkzeuge t\u00e4glich intensiv nutzen und ihre Werkstatt organisiert halten m\u00f6chten.<\/p>\n\t\t\t<a href=\"https:\/\/www.zasco.be\/de\/zasco-gereedschapswagens\/\"  target=\"_self\">\n\t\t\t\t\t\t\tALLE WERKSTELTJES\n\t\t\t\t\t<\/a>\n\t<h1>Unverzichtbar in jeder Werkstatt<\/h1>\n\t<p>FORCE Kappen und Ratschensysteme bieten eine breite Palette von Sets, Einzelkappen und Zubeh\u00f6r f\u00fcr den professionellen Einsatz. Entwickelt f\u00fcr Pr\u00e4zision, Langlebigkeit und den t\u00e4glichen Einsatz in Werkst\u00e4tten und technischen Werkst\u00e4tten.<\/p>\n\t\t\t<a href=\"https:\/\/www.zasco.be\/de\/zasco-doppen-en-ratelsystemen\/\"  target=\"_self\">\n\t\t\t\t\t\t\tALLE VERSCHL\u00dcSSE UND RATSCHENSYSTEME\n\t\t\t\t\t<\/a>\n\t<h1>Pr\u00e4zision bei jeder Montage<\/h1>\n\t<p>Die FORCE-Drehmomentschl\u00fcssel gew\u00e4hrleisten eine pr\u00e4zise Einstellung des Drehmoments bei Montage und Wartung. Entwickelt f\u00fcr Zuverl\u00e4ssigkeit und Kontrolle in professionellen Werkst\u00e4tten.<\/p>\n\t\t\t<a href=\"https:\/\/www.zasco.be\/de\/zasco-momentsleutels\/\"  target=\"_self\">\n\t\t\t\t\t\t\tALLE DREHMOMENTSCHL\u00dcSSEL\n\t\t\t\t\t<\/a>\n\t<h1>Unverzichtbare Handwerkzeuge<\/h1>\n\t<p>Das FORCE Sortiment an Handwerkzeugen umfasst Schraubendreher, Schraubenschl\u00fcssel, Zangen und mehr. Robuste Werkzeuge, die auf Komfort, Kontrolle und intensive Nutzung ausgelegt sind.<\/p>\n\t\t\t<a href=\"https:\/\/www.zasco.be\/de\/zasco-momentsleutels\/\"  target=\"_self\">\n\t\t\t\t\t\t\tALLE HANDWERKZEUGE\n\t\t\t\t\t<\/a>\n\t<h1>Werkzeuge f\u00fcr spezielle Anwendungen<\/h1>\n\t<p>FORCE Kfz-Spezialwerkzeuge bieten praktische L\u00f6sungen f\u00fcr Wartung, Diagnose und Reparatur. Entwickelt f\u00fcr professionelle Garagen und technische Werkst\u00e4tten.<\/p>\n\t\t\t<a href=\"https:\/\/www.zasco.be\/de\/zasco-automotive-special-tools\/\"  target=\"_self\">\n\t\t\t\t\t\t\tALLE KFZ-SPEZIALWERKZEUGE\n\t\t\t\t\t<\/a>\n\t<h1>Praktische L\u00f6sungen f\u00fcr den Arbeitsplatz<\/h1>\n\t<p>Die Werkstattwerkzeuge von FORCE unterst\u00fctzen die t\u00e4glichen Arbeiten in Garagen und Werkst\u00e4tten. Robuste Werkzeuge, die auf Effizienz und Langlebigkeit ausgelegt sind.<\/p>\n\t\t\t<a href=\"https:\/\/www.zasco.be\/de\/zasco-werkplaatsgereedschap\/\"  target=\"_self\">\n\t\t\t\t\t\t\tALLE WERKSTATTWERKZEUGE\n\t\t\t\t\t<\/a>","protected":false},"excerpt":{"rendered":"<p>Ons assortiment Een breed assortiment professioneel gereedschap voor garages, werkplaatsen en industri\u00eble toepassingen, met FORCE Professional Tools als kern van ons aanbod. BEKIJK ONZE CATALOGUS De basis van elke professionele werkplaats Robuuste gereedschapswagens met een slimme indeling en maximale opslagcapaciteit. Ideaal voor vakmensen die dagelijks intensief gebruik maken van hun gereedschap en hun werkplaats georganiseerd&hellip;<\/p>","protected":false},"author":1,"featured_media":0,"parent":0,"menu_order":0,"comment_status":"closed","ping_status":"closed","template":"","meta":{"_acf_changed":false,"_seopress_robots_primary_cat":"","_seopress_titles_title":"","_seopress_titles_desc":"","_seopress_robots_index":"","_seopress_analysis_target_kw":"","footnotes":""},"class_list":["post-90","page","type-page","status-publish","hentry"],"acf":[],"_links":{"self":[{"href":"https:\/\/www.zasco.be\/de\/wp-json\/wp\/v2\/pages\/90","targetHints":{"allow":["GET"]}}],"collection":[{"href":"https:\/\/www.zasco.be\/de\/wp-json\/wp\/v2\/pages"}],"about":[{"href":"https:\/\/www.zasco.be\/de\/wp-json\/wp\/v2\/types\/page"}],"author":[{"embeddable":true,"href":"https:\/\/www.zasco.be\/de\/wp-json\/wp\/v2\/users\/1"}],"replies":[{"embeddable":true,"href":"https:\/\/www.zasco.be\/de\/wp-json\/wp\/v2\/comments?post=90"}],"version-history":[{"count":11,"href":"https:\/\/www.zasco.be\/de\/wp-json\/wp\/v2\/pages\/90\/revisions"}],"predecessor-version":[{"id":376,"href":"https:\/\/www.zasco.be\/de\/wp-json\/wp\/v2\/pages\/90\/revisions\/376"}],"wp:attachment":[{"href":"https:\/\/www.zasco.be\/de\/wp-json\/wp\/v2\/media?parent=90"}],"curies":[{"name":"wp","href":"https:\/\/api.w.org\/{rel}","templated":true}]}}