{"id":80,"date":"2026-03-13T11:57:06","date_gmt":"2026-03-13T11:57:06","guid":{"rendered":"https:\/\/www.zasco.be\/?page_id=80"},"modified":"2026-04-29T13:01:09","modified_gmt":"2026-04-29T13:01:09","slug":"zasco-werkplaatsgereedschap","status":"publish","type":"page","link":"https:\/\/www.zasco.be\/de\/zasco-werkplaatsgereedschap\/","title":{"rendered":"Zasco werkplaatsgereedschap"},"content":{"rendered":"<h1>Werkstattwerkzeug<\/h1>\n\t<p>Die Werkstattwerkzeuge von FORCE bieten robuste und zuverl\u00e4ssige L\u00f6sungen f\u00fcr den t\u00e4glichen Einsatz in Garagen, Werkst\u00e4tten und industriellen Umgebungen.<\/p>\n\t\t\t<a href=\"https:\/\/www.zasco.be\/wp-content\/uploads\/2026\/03\/Promo-Zasco-2026_1.pdf\"  target=\"_blank\" rel=\"noopener\">\n\t\t\t\t\t\tUNSER WERBEPROSPEKT ANSEHEN\n\t\t\t\t\t<\/a>\n\t<h1>Warum FORCE<\/h1>\n<h1>Werkstattwerkzeuge?<\/h1>\n\t<h2>Stark und zuverl\u00e4ssig bei intensiver Nutzung<\/h2>\n\t<h2>Funktionelles Design f\u00fcr effizientes Arbeiten<\/h2>\n\t<h2>Nachhaltige Qualit\u00e4t f\u00fcr Fachleute<\/h2>\n\t<h2>Ideal f\u00fcr Garagen, Werkst\u00e4tten und Industrie<\/h2>\n\t<h1>Praktische L\u00f6sungen f\u00fcr jede Werkstatt<\/h1>\n\t<p>Die FORCE-Werkstattwerkzeuge umfassen robuste Werkzeuge und Hilfsmittel, die die t\u00e4gliche Arbeit in Garagen und Werkst\u00e4tten unterst\u00fctzen. Entwickelt f\u00fcr Effizienz, Langlebigkeit und Benutzerfreundlichkeit.<\/p>\n\t\t\t<a href=\"https:\/\/zasco-shop.be\/nl-be\/home.aspx\"  target=\"_blank\" rel=\"noopener\">\n\t\t\t\t\t\t\tSIEHE DIE VOLLST\u00c4NDIGEN SETS\n\t\t\t\t\t<\/a>\n\t<h1>Zuverl\u00e4ssige Werkstattunterst\u00fctzung<\/h1>\n\t<p>Mit ihrer robusten Konstruktion und praktischen Funktionalit\u00e4t sind die FORCE-Werkstattger\u00e4te eine zuverl\u00e4ssige Wahl f\u00fcr Profis.<\/p>\n\t\t\t<a href=\"https:\/\/www.zasco.be\/wp-content\/uploads\/2026\/03\/Promo-Zasco-2026_1.pdf\"  target=\"_blank\" rel=\"noopener\">\n\t\t\t\t\t\tUNSER WERBEPROSPEKT ANSEHEN\n\t\t\t\t\t<\/a>","protected":false},"excerpt":{"rendered":"<p>Werkplaatsgereedschap Het werkplaatsgereedschap van FORCE biedt robuuste en betrouwbare oplossingen voor dagelijks gebruik in garages, werkplaatsen en industri\u00eble omgevingen. BEKIJK ONZE PROMO FOLDER Waarom FORCE werkplaatsgereedschap? Sterk en betrouwbaar voor intensief gebruik Functioneel ontwerp voor effici\u00ebnt werken Duurzame kwaliteit voor professionals Ideaal voor garages, werkplaatsen en industrie Praktische oplossingen voor elke werkplaats Het werkplaatsgereedschap van&hellip;<\/p>","protected":false},"author":1,"featured_media":0,"parent":0,"menu_order":0,"comment_status":"closed","ping_status":"closed","template":"","meta":{"_acf_changed":false,"_seopress_robots_primary_cat":"","_seopress_titles_title":"","_seopress_titles_desc":"","_seopress_robots_index":"","_seopress_analysis_target_kw":"","footnotes":""},"class_list":["post-80","page","type-page","status-publish","hentry"],"acf":[],"_links":{"self":[{"href":"https:\/\/www.zasco.be\/de\/wp-json\/wp\/v2\/pages\/80","targetHints":{"allow":["GET"]}}],"collection":[{"href":"https:\/\/www.zasco.be\/de\/wp-json\/wp\/v2\/pages"}],"about":[{"href":"https:\/\/www.zasco.be\/de\/wp-json\/wp\/v2\/types\/page"}],"author":[{"embeddable":true,"href":"https:\/\/www.zasco.be\/de\/wp-json\/wp\/v2\/users\/1"}],"replies":[{"embeddable":true,"href":"https:\/\/www.zasco.be\/de\/wp-json\/wp\/v2\/comments?post=80"}],"version-history":[{"count":9,"href":"https:\/\/www.zasco.be\/de\/wp-json\/wp\/v2\/pages\/80\/revisions"}],"predecessor-version":[{"id":473,"href":"https:\/\/www.zasco.be\/de\/wp-json\/wp\/v2\/pages\/80\/revisions\/473"}],"wp:attachment":[{"href":"https:\/\/www.zasco.be\/de\/wp-json\/wp\/v2\/media?parent=80"}],"curies":[{"name":"wp","href":"https:\/\/api.w.org\/{rel}","templated":true}]}}