{"id":75,"date":"2026-03-13T11:39:43","date_gmt":"2026-03-13T11:39:43","guid":{"rendered":"https:\/\/www.zasco.be\/?page_id=75"},"modified":"2026-04-29T13:00:19","modified_gmt":"2026-04-29T13:00:19","slug":"zasco-automotive-special-tools","status":"publish","type":"page","link":"https:\/\/www.zasco.be\/de\/zasco-automotive-special-tools\/","title":{"rendered":"Zasco automotive special tools"},"content":{"rendered":"<h1>Automobil Spezialwerkzeuge<\/h1>\n\t<p>Die Spezialwerkzeuge von FORCE f\u00fcr die Automobilindustrie wurden f\u00fcr spezifische Anwendungen entwickelt und werden von Fachleuten in Garagen und technischen Werkst\u00e4tten weltweit eingesetzt.<\/p>\n\t\t\t<a href=\"https:\/\/www.zasco.be\/wp-content\/uploads\/2026\/03\/Promo-Zasco-2026_1.pdf\"  target=\"_blank\" rel=\"noopener\">\n\t\t\t\t\t\tUNSER WERBEPROSPEKT ANSEHEN\n\t\t\t\t\t<\/a>\n\t<h1>Warum FORCE automotive<\/h1>\n<h1>Spezialwerkzeuge?<\/h1>\n\t<h2>Entwickelt f\u00fcr spezifische Aufgaben im Automobilbereich<\/h2>\n\t<h2>Zuverl\u00e4ssige Diagnose- und Reparaturl\u00f6sungen<\/h2>\n\t<h2>Langlebige Werkzeuge f\u00fcr intensive Nutzung<\/h2>\n\t<h2>Gro\u00dfe Auswahl an Spezialwerkzeugen<\/h2>\n\t<h1>Werkzeuge f\u00fcr spezialisierte Arbeiten<\/h1>\n\t<p>FORCE Kfz-Spezialwerkzeuge wurden f\u00fcr spezifische Anwendungen bei der Wartung und Reparatur von Fahrzeugen entwickelt. Sie bieten praktische L\u00f6sungen f\u00fcr Diagnose, Montage und Demontage in professionellen Werkst\u00e4tten.<\/p>\n\t\t\t<a href=\"https:\/\/zasco-shop.be\/nl-be\/home.aspx\"  target=\"_blank\" rel=\"noopener\">\n\t\t\t\t\t\t\tSIEHE DIE VOLLST\u00c4NDIGEN SETS\n\t\t\t\t\t<\/a>\n\t<h1>Entwickelt f\u00fcr den Automobilsektor<\/h1>\n\t<p>Mit ihrem funktionalen Design und ihrer robusten Qualit\u00e4t unterst\u00fctzen die FORCE Kfz-Sonderwerkzeuge zuverl\u00e4ssig bei speziellen Arbeiten.<\/p>\n\t\t\t<a href=\"https:\/\/www.zasco.be\/wp-content\/uploads\/2026\/03\/Promo-Zasco-2026_1.pdf\"  target=\"_blank\" rel=\"noopener\">\n\t\t\t\t\t\tUNSER WERBEPROSPEKT ANSEHEN\n\t\t\t\t\t<\/a>","protected":false},"excerpt":{"rendered":"<p>Automotive special tools De automotive special tools van FORCE zijn ontwikkeld voor specifieke toepassingen en worden wereldwijd gebruikt door professionals in garages en technische werkplaatsen. BEKIJK ONZE PROMO FOLDER Waarom FORCE automotive special tools? Ontwikkeld voor specifieke automotive werkzaamheden Betrouwbare oplossingen voor diagnose en reparatie Duurzame tools voor intensief gebruik Breed aanbod gespecialiseerde gereedschappen Gereedschap&hellip;<\/p>","protected":false},"author":1,"featured_media":0,"parent":0,"menu_order":0,"comment_status":"closed","ping_status":"closed","template":"","meta":{"_acf_changed":false,"_seopress_robots_primary_cat":"","_seopress_titles_title":"","_seopress_titles_desc":"","_seopress_robots_index":"","_seopress_analysis_target_kw":"","footnotes":""},"class_list":["post-75","page","type-page","status-publish","hentry"],"acf":[],"_links":{"self":[{"href":"https:\/\/www.zasco.be\/de\/wp-json\/wp\/v2\/pages\/75","targetHints":{"allow":["GET"]}}],"collection":[{"href":"https:\/\/www.zasco.be\/de\/wp-json\/wp\/v2\/pages"}],"about":[{"href":"https:\/\/www.zasco.be\/de\/wp-json\/wp\/v2\/types\/page"}],"author":[{"embeddable":true,"href":"https:\/\/www.zasco.be\/de\/wp-json\/wp\/v2\/users\/1"}],"replies":[{"embeddable":true,"href":"https:\/\/www.zasco.be\/de\/wp-json\/wp\/v2\/comments?post=75"}],"version-history":[{"count":11,"href":"https:\/\/www.zasco.be\/de\/wp-json\/wp\/v2\/pages\/75\/revisions"}],"predecessor-version":[{"id":472,"href":"https:\/\/www.zasco.be\/de\/wp-json\/wp\/v2\/pages\/75\/revisions\/472"}],"wp:attachment":[{"href":"https:\/\/www.zasco.be\/de\/wp-json\/wp\/v2\/media?parent=75"}],"curies":[{"name":"wp","href":"https:\/\/api.w.org\/{rel}","templated":true}]}}