{"id":7,"date":"2026-03-11T15:03:10","date_gmt":"2026-03-11T15:03:10","guid":{"rendered":"https:\/\/www.zasco.be\/?page_id=7"},"modified":"2026-04-29T12:41:58","modified_gmt":"2026-04-29T12:41:58","slug":"zasco-professioneel-gereedschap-voor-de-automotive","status":"publish","type":"page","link":"https:\/\/www.zasco.be\/de\/","title":{"rendered":"Zasco Profi-Werkzeuge f\u00fcr die Automobilindustrie"},"content":{"rendered":"<h1>Professionelles Werkzeug, auf das sich Fachleute verlassen k\u00f6nnen.<\/h1>\n\t<p>Von Werkzeugwagen bis zu Drehmomentschl\u00fcsseln: Qualit\u00e4tswerkzeug, das Leistung bringt, wenn es darauf ankommt.<\/p>\n\t\t\t<a href=\"https:\/\/zasco-shop.be\/nl-be\/home.aspx\"  target=\"_self\">\n\t\t\t\t\t\t\tJETZT ENTDECKEN\n\t\t\t\t\t<\/a>\n\t\t\t\t\t\t\t\t\t<img decoding=\"async\" src=\"https:\/\/www.zasco.be\/wp-content\/uploads\/2026\/03\/icon-klok.webp\" alt=\"Icoon dat staat voor snelle en betrouwbare levering\" itemprop=\"image\" height=\"100\" width=\"100\" title=\"Symbol-Uhr\" onerror=\"this.style.display='none'\"  \/>\n\t<h2>Schnelle und zuverl\u00e4ssige Lieferung<\/h2>\n\t\t\t\t\t\t\t\t\t<img decoding=\"async\" src=\"https:\/\/www.zasco.be\/wp-content\/uploads\/2026\/03\/icon-badge.webp\" alt=\"Icon voor professionele kwaliteit voor een sterke prijs\" itemprop=\"image\" height=\"100\" width=\"100\" title=\"Symbol-Abzeichen\" onerror=\"this.style.display='none'\"  \/>\n\t<h2>Professionelle Qualit\u00e4t zu einem starken Preis<\/h2>\n\t\t\t\t\t\t\t\t\t<img decoding=\"async\" src=\"https:\/\/www.zasco.be\/wp-content\/uploads\/2026\/03\/icon-gereedschap.webp\" alt=\"icoon voor professionele werkplaatsen\" itemprop=\"image\" height=\"100\" width=\"100\" title=\"Symbol-Werkzeug\" onerror=\"this.style.display='none'\"  \/>\n\t<h2>Bew\u00e4hrt in professionellen Werkst\u00e4tten<\/h2>\n\t\t\t\t\t\t\t\t\t<img decoding=\"async\" src=\"https:\/\/www.zasco.be\/wp-content\/uploads\/2026\/03\/icon-boxes.webp\" alt=\"icoon voor consistente voorraad\" itemprop=\"image\" height=\"100\" width=\"100\" title=\"Symbolfelder\" onerror=\"this.style.display='none'\"  \/>\n\t<h2>Immer konsistenter Vorrat<\/h2>\n\t<h1>Die Grundlage jeder professionellen Werkstatt<\/h1>\n\t<p>Robuste Werkzeugwagen mit einer intelligenten Aufteilung und maximaler Lagerkapazit\u00e4t. Ideal f\u00fcr Fachleute, die ihre Werkzeuge t\u00e4glich intensiv nutzen und ihre Werkstatt organisiert halten m\u00f6chten.<\/p>\n\t\t\t<a href=\"http:\/\/www.zasco.be\/de\/zasco-gereedschapswagens\/\"  target=\"_self\">\n\t\t\t\t\t\t\tALLE WERKSTELTJES\n\t\t\t\t\t<\/a>\n<h1>\n\t\t\tUnser komplettes Sortiment\t<\/h1>\n\t<h2>Schl\u00f6sser und Ratschensysteme<\/h2>\n\t<h2>Drehmomentschl\u00fcssel<\/h2>\n\t<h2>Handwerkzeuge<\/h2>\n\t<h2>Automobil Spezialwerkzeuge<\/h2>\n\t<h2>Werkstattwerkzeug<\/h2>\n\t\t\t<a href=\"http:\/\/www.zasco.be\/de\/zasco-assortiment\/\"  target=\"_self\">\n\t\t\t\t\t\t\tALLE PRODUKTE ANSEHEN\n\t\t\t\t\t<\/a>\n\t<h1>H\u00e4ndler werden<\/h1>\n\t<p>Interesse an der Verteilung von FORCE-Werkzeugen?<\/p>\n\t<h2>Warum mit ZASCO zusammenarbeiten?<\/h2>\n\t<p><img decoding=\"async\" src=\"http:\/\/www.zasco.be\/wp-content\/uploads\/2026\/03\/Check.webp\" alt=\"Check icoon voor belangrijke punten van dealer worden\" width=\"25\" height=\"20\" \/>Professionelles Werkzeug mit ausgezeichnetem Preis-Leistungs-Verh\u00e4ltnis<\/p>\n<p><img decoding=\"async\" src=\"http:\/\/www.zasco.be\/wp-content\/uploads\/2026\/03\/Check.webp\" alt=\"Check icoon voor belangrijke punten van dealer worden\" width=\"25\" height=\"20\" \/>Schnelle Lieferung ab Lager<\/p>\n<p><img decoding=\"async\" src=\"http:\/\/www.zasco.be\/wp-content\/uploads\/2026\/03\/Check.webp\" alt=\"Check icoon voor belangrijke punten van dealer worden\" width=\"25\" height=\"20\" \/>Zuverl\u00e4ssige Verf\u00fcgbarkeit<\/p>\n<p><img decoding=\"async\" src=\"http:\/\/www.zasco.be\/wp-content\/uploads\/2026\/03\/Check.webp\" alt=\"Check icoon voor belangrijke punten van dealer worden\" width=\"25\" height=\"20\" \/>Produkte, die sich in professionellen Werkst\u00e4tten bew\u00e4hrt haben<\/p>\n<p><img decoding=\"async\" src=\"http:\/\/www.zasco.be\/wp-content\/uploads\/2026\/03\/Check.webp\" alt=\"Check icoon voor belangrijke punten van dealer worden\" width=\"25\" height=\"20\" \/>Ein Vertriebsmodell, das den H\u00e4ndler respektiert<\/p>\n\t<p>ZASCO unterst\u00fctzt seine H\u00e4ndler als echte Partner auf dem Markt.<\/p>\n\t<h1>0<\/h1>\n\t<h1>Jahr<\/h1>\n\t<h2>Unsere Erfahrung<\/h2>\n\t<p>Seit 1995 ist ZASCO der offizielle Vertreiber von FORCE Professional Tools in Belgien. Dank jahrelanger Erfahrung und einer starken Zusammenarbeit mit H\u00e4ndlern hat sich ZASCO zu einem verl\u00e4sslichen Partner f\u00fcr den professionellen Fachhandel entwickelt.<\/p>\n\t<h2>Eine neue Phase f\u00fcr ZASCO<\/h2>\n\t<p>Mit \u00fcber 40 Jahren Erfahrung macht ZASCO einen neuen Schritt in die Zukunft professioneller Werkzeuge.<\/p>\n\t\t\t<a href=\"http:\/\/www.zasco.be\/de\/zasco-about\/\"  target=\"_self\">\n\t\t\t\t\t\t\tERFAHRE MEHR \u00dcBER ZASCO\n\t\t\t\t\t<\/a>\n\t<h2>Unsere Marke<\/h2>\n\t\t\t\t\t\t\t\t\t<img decoding=\"async\" src=\"http:\/\/www.zasco.be\/wp-content\/uploads\/2026\/03\/Force-Professional-Tools.webp\" alt=\"Force professional Tools Logo\" itemprop=\"image\" srcset=\"https:\/\/www.zasco.be\/wp-content\/uploads\/2026\/03\/Force-Professional-Tools.webp 1501w, https:\/\/www.zasco.be\/wp-content\/uploads\/2026\/03\/Force-Professional-Tools-300x69.webp 300w, https:\/\/www.zasco.be\/wp-content\/uploads\/2026\/03\/Force-Professional-Tools-1024x236.webp 1024w, https:\/\/www.zasco.be\/wp-content\/uploads\/2026\/03\/Force-Professional-Tools-768x177.webp 768w\" sizes=\"(max-width: 1501px) 100vw, 1501px\" title=\"Kraft-Berufs-Werkzeuge\" onerror=\"this.style.display='none'\"  \/>","protected":false},"excerpt":{"rendered":"<p>Professionelle Werkzeuge, auf die sich Profis verlassen k\u00f6nnen. Vom Werkzeugwagen bis zum Drehmomentschl\u00fcssel: hochwertige Werkzeuge, die Leistung bringen, wenn es darauf ankommt. JETZT ENTDECKEN Schnelle und zuverl\u00e4ssige Lieferung Professionelle Qualit\u00e4t zu einem starken Preis Bew\u00e4hrt in professionellen Werkst\u00e4tten St\u00e4ndig auf Lager Die Grundlage jeder professionellen Werkstatt Robuste Werkzeugwagen mit intelligenter Aufteilung und maximaler Lagerkapazit\u00e4t. Ideal f\u00fcr...<\/p>","protected":false},"author":1,"featured_media":0,"parent":0,"menu_order":0,"comment_status":"closed","ping_status":"closed","template":"","meta":{"_acf_changed":false,"_seopress_robots_primary_cat":"","_seopress_titles_title":"ZASCO FORCE TOOLS professioneel gereedschap voor de automotive","_seopress_titles_desc":"Professioneel gereedschap waarop vakmensen kunnen vertrouwen.\r\nVan gereedschapswagens tot momentsleutels: kwalitatief gereedschap.","_seopress_robots_index":"","_seopress_analysis_target_kw":"","footnotes":""},"class_list":["post-7","page","type-page","status-publish","hentry"],"acf":[],"_links":{"self":[{"href":"https:\/\/www.zasco.be\/de\/wp-json\/wp\/v2\/pages\/7","targetHints":{"allow":["GET"]}}],"collection":[{"href":"https:\/\/www.zasco.be\/de\/wp-json\/wp\/v2\/pages"}],"about":[{"href":"https:\/\/www.zasco.be\/de\/wp-json\/wp\/v2\/types\/page"}],"author":[{"embeddable":true,"href":"https:\/\/www.zasco.be\/de\/wp-json\/wp\/v2\/users\/1"}],"replies":[{"embeddable":true,"href":"https:\/\/www.zasco.be\/de\/wp-json\/wp\/v2\/comments?post=7"}],"version-history":[{"count":11,"href":"https:\/\/www.zasco.be\/de\/wp-json\/wp\/v2\/pages\/7\/revisions"}],"predecessor-version":[{"id":465,"href":"https:\/\/www.zasco.be\/de\/wp-json\/wp\/v2\/pages\/7\/revisions\/465"}],"wp:attachment":[{"href":"https:\/\/www.zasco.be\/de\/wp-json\/wp\/v2\/media?parent=7"}],"curies":[{"name":"wp","href":"https:\/\/api.w.org\/{rel}","templated":true}]}}