{"id":68,"date":"2026-03-17T13:44:18","date_gmt":"2026-03-17T13:44:18","guid":{"rendered":"https:\/\/www.zasco.be\/?page_id=68"},"modified":"2026-04-29T12:59:33","modified_gmt":"2026-04-29T12:59:33","slug":"zasco-handgereedschap","status":"publish","type":"page","link":"https:\/\/www.zasco.be\/de\/zasco-handgereedschap\/","title":{"rendered":"Zasco handgereedschap"},"content":{"rendered":"<h1>Handwerkzeuge<\/h1>\n\t<p>Die Handwerkzeuge und Schraubendreher von FORCE vereinen Langlebigkeit und Benutzerfreundlichkeit und werden t\u00e4glich in professionellen Werkst\u00e4tten eingesetzt.<\/p>\n\t\t\t<a href=\"https:\/\/www.zasco.be\/wp-content\/uploads\/2026\/03\/Promo-Zasco-2026_1.pdf\"  target=\"_blank\" rel=\"noopener\">\n\t\t\t\t\t\tUNSER WERBEPROSPEKT ANSEHEN\n\t\t\t\t\t<\/a>\n\t<h1>Warum FORCE Schraubendreher und Handwerkzeuge?<\/h1>\n\t<h2>Stark und zuverl\u00e4ssig bei intensiver Nutzung<\/h2>\n\t<h2>Komfortabler Griff f\u00fcr optimale Kontrolle<\/h2>\n\t<h2>Entwickelt f\u00fcr Werkstattprofis<\/h2>\n\t<h2>Komplettes Sortiment an Handwerkzeugen<\/h2>\n\t<h1>Unverzichtbares Werkzeug f\u00fcr jede Werkstatt<\/h1>\n\t<p>Das FORCE-Handwerkzeugsortiment umfasst Schraubenschl\u00fcssel, Schraubendreher, Inbusschl\u00fcssel, Zangen, H\u00e4mmer und Messwerkzeuge. Entwickelt f\u00fcr Komfort, Kontrolle und Haltbarkeit im t\u00e4glichen professionellen Einsatz.<\/p>\n\t\t\t<a href=\"https:\/\/zasco-shop.be\/nl-be\/home.aspx\"  target=\"_blank\" rel=\"noopener\">\n\t\t\t\t\t\t\tSIEHE DIE VOLLST\u00c4NDIGEN SETS\n\t\t\t\t\t<\/a>\n\t<h1>Langlebige Werkzeuge f\u00fcr den t\u00e4glichen Gebrauch<\/h1>\n\t<p>Mit ihrem ergonomischen Design und ihren robusten Materialien bieten die FORCE Handwerkzeuge eine zuverl\u00e4ssige L\u00f6sung f\u00fcr eine Vielzahl von Aufgaben in Werkstatt und Betrieb.<\/p>\n\t\t\t<a href=\"https:\/\/www.zasco.be\/wp-content\/uploads\/2026\/03\/Promo-Zasco-2026_1.pdf\"  target=\"_blank\" rel=\"noopener\">\n\t\t\t\t\t\tUNSER WERBEPROSPEKT ANSEHEN\n\t\t\t\t\t<\/a>","protected":false},"excerpt":{"rendered":"<p>Handgereedschap Het handgereedschap en de schroevendraaiers van FORCE combineren duurzaamheid en gebruiksgemak en worden dagelijks gebruikt in professionele werkplaatsen. BEKIJK ONZE PROMO FOLDER Waarom FORCE schroevendraaiers en handgereedschap? Sterk en betrouwbaar voor intensief gebruik Comfortabele grip voor optimale controle Ontwikkeld voor professionals in de werkplaats Compleet assortiment handgereedschap Onmisbaar gereedschap voor elke werkplaats Het assortiment&hellip;<\/p>","protected":false},"author":1,"featured_media":0,"parent":0,"menu_order":0,"comment_status":"closed","ping_status":"closed","template":"","meta":{"_acf_changed":false,"_seopress_robots_primary_cat":"","_seopress_titles_title":"","_seopress_titles_desc":"","_seopress_robots_index":"","_seopress_analysis_target_kw":"","footnotes":""},"class_list":["post-68","page","type-page","status-publish","hentry"],"acf":[],"_links":{"self":[{"href":"https:\/\/www.zasco.be\/de\/wp-json\/wp\/v2\/pages\/68","targetHints":{"allow":["GET"]}}],"collection":[{"href":"https:\/\/www.zasco.be\/de\/wp-json\/wp\/v2\/pages"}],"about":[{"href":"https:\/\/www.zasco.be\/de\/wp-json\/wp\/v2\/types\/page"}],"author":[{"embeddable":true,"href":"https:\/\/www.zasco.be\/de\/wp-json\/wp\/v2\/users\/1"}],"replies":[{"embeddable":true,"href":"https:\/\/www.zasco.be\/de\/wp-json\/wp\/v2\/comments?post=68"}],"version-history":[{"count":11,"href":"https:\/\/www.zasco.be\/de\/wp-json\/wp\/v2\/pages\/68\/revisions"}],"predecessor-version":[{"id":471,"href":"https:\/\/www.zasco.be\/de\/wp-json\/wp\/v2\/pages\/68\/revisions\/471"}],"wp:attachment":[{"href":"https:\/\/www.zasco.be\/de\/wp-json\/wp\/v2\/media?parent=68"}],"curies":[{"name":"wp","href":"https:\/\/api.w.org\/{rel}","templated":true}]}}