{"id":61,"date":"2026-03-13T10:45:17","date_gmt":"2026-03-13T10:45:17","guid":{"rendered":"https:\/\/www.zasco.be\/?page_id=61"},"modified":"2026-04-29T12:57:37","modified_gmt":"2026-04-29T12:57:37","slug":"zasco-momentsleutels","status":"publish","type":"page","link":"https:\/\/www.zasco.be\/de\/zasco-momentsleutels\/","title":{"rendered":"Zasco momentsleutels"},"content":{"rendered":"<h1>Drehmomentschl\u00fcssel<\/h1>\n\t<p>Die Drehmomentschl\u00fcssel von FORCE sind f\u00fcr ihre Pr\u00e4zision und Zuverl\u00e4ssigkeit bekannt und werden weltweit von Profis in professionellen Werkst\u00e4tten verwendet.<\/p>\n\t\t\t<a href=\"https:\/\/www.zasco.be\/wp-content\/uploads\/2026\/03\/Promo-Zasco-2026_1.pdf\"  target=\"_blank\" rel=\"noopener\">\n\t\t\t\t\t\tUNSER WERBEPROSPEKT ANSEHEN\n\t\t\t\t\t<\/a>\n\t<h1>Warum FORCE<\/h1>\n<h1>Drehmomentschl\u00fcssel?<\/h1>\n\t<h2>Hohe Pr\u00e4zision f\u00fcr korrekte Drehmomenteinstellungen<\/h2>\n\t<h2>Zuverl\u00e4ssige Leistung bei jeder Anwendung<\/h2>\n\t<h2>Robuste Konstruktion f\u00fcr intensive Nutzung<\/h2>\n\t<h2>Ideal f\u00fcr Kfz- und technische Werkst\u00e4tten<\/h2>\n\t<h1>Pr\u00e4zise Drehmomenteinstellungen<\/h1>\n\t<p>FORCE momentsleutels bieden nauwkeurige controle over het aanhaalmoment en zijn beschikbaar in verschillende maten zoals 1\/4&#8243;, 3\/8&#8243;, 1\/2&#8243;, 3\/4&#8243; en 1&#8243;. Ideaal voor montagewerk waarbij nauwkeurigheid en betrouwbaarheid essentieel zijn.<\/p>\n\t\t\t<a href=\"https:\/\/zasco-shop.be\/nl-be\/home.aspx\"  target=\"_blank\" rel=\"noopener\">\n\t\t\t\t\t\t\tSIEHE DIE VOLLST\u00c4NDIGEN SETS\n\t\t\t\t\t<\/a>\n\t<h1>Zuverl\u00e4ssige Pr\u00e4zision f\u00fcr Profis<\/h1>\n\t<p>Dank ihres pr\u00e4zisen Mechanismus und ihrer robusten Konstruktion bieten die FORCE Drehmomentschl\u00fcssel eine zuverl\u00e4ssige L\u00f6sung f\u00fcr den t\u00e4glichen Einsatz in professionellen Werkst\u00e4tten.<\/p>\n\t\t\t<a href=\"https:\/\/www.zasco.be\/wp-content\/uploads\/2026\/03\/Promo-Zasco-2026_1.pdf\"  target=\"_blank\" rel=\"noopener\">\n\t\t\t\t\t\tUNSER WERBEPROSPEKT ANSEHEN\n\t\t\t\t\t<\/a>","protected":false},"excerpt":{"rendered":"<p>Momentsleutels De momentsleutels van FORCE staan bekend om hun precisie en betrouwbaarheid en worden wereldwijd gebruikt door vakmensen in professionele werkplaatsen. BEKIJK ONZE PROMO FOLDER Waarom FORCE momentsleutels? Hoge precisie voor correcte koppelinstellingen Betrouwbare prestaties bij elke toepassing Robuust ontwerp voor intensief gebruik Ideaal voor automotive en technische werkplaatsen Nauwkeurige koppelinstellingen FORCE momentsleutels bieden nauwkeurige&hellip;<\/p>","protected":false},"author":1,"featured_media":0,"parent":0,"menu_order":0,"comment_status":"closed","ping_status":"closed","template":"","meta":{"_acf_changed":false,"_seopress_robots_primary_cat":"","_seopress_titles_title":"","_seopress_titles_desc":"","_seopress_robots_index":"","_seopress_analysis_target_kw":"","footnotes":""},"class_list":["post-61","page","type-page","status-publish","hentry"],"acf":[],"_links":{"self":[{"href":"https:\/\/www.zasco.be\/de\/wp-json\/wp\/v2\/pages\/61","targetHints":{"allow":["GET"]}}],"collection":[{"href":"https:\/\/www.zasco.be\/de\/wp-json\/wp\/v2\/pages"}],"about":[{"href":"https:\/\/www.zasco.be\/de\/wp-json\/wp\/v2\/types\/page"}],"author":[{"embeddable":true,"href":"https:\/\/www.zasco.be\/de\/wp-json\/wp\/v2\/users\/1"}],"replies":[{"embeddable":true,"href":"https:\/\/www.zasco.be\/de\/wp-json\/wp\/v2\/comments?post=61"}],"version-history":[{"count":11,"href":"https:\/\/www.zasco.be\/de\/wp-json\/wp\/v2\/pages\/61\/revisions"}],"predecessor-version":[{"id":469,"href":"https:\/\/www.zasco.be\/de\/wp-json\/wp\/v2\/pages\/61\/revisions\/469"}],"wp:attachment":[{"href":"https:\/\/www.zasco.be\/de\/wp-json\/wp\/v2\/media?parent=61"}],"curies":[{"name":"wp","href":"https:\/\/api.w.org\/{rel}","templated":true}]}}