{"id":52,"date":"2026-03-13T10:30:11","date_gmt":"2026-03-13T10:30:11","guid":{"rendered":"https:\/\/www.zasco.be\/?page_id=52"},"modified":"2026-04-29T12:56:50","modified_gmt":"2026-04-29T12:56:50","slug":"zasco-doppen-en-ratelsystemen","status":"publish","type":"page","link":"https:\/\/www.zasco.be\/de\/zasco-doppen-en-ratelsystemen\/","title":{"rendered":"Zasco Verzurr- und Ratschensysteme"},"content":{"rendered":"<h1>Steckschl\u00fcsselgarnituren und Knarren<\/h1>\n\t<p>Die Kappen und Knarren von FORCE sind ein wesentlicher Bestandteil des Sortiments und werden in professionellen Werkst\u00e4tten weltweit eingesetzt.<\/p>\n\t\t\t<a href=\"https:\/\/www.zasco.be\/wp-content\/uploads\/2026\/03\/Promo-Zasco-2026_1.pdf\"  target=\"_blank\" rel=\"noopener\">\n\t\t\t\t\t\tUNSER WERBEPROSPEKT ANSEHEN\n\t\t\t\t\t<\/a>\n\t<h1>Warum FORCE-Steckschl\u00fcssels\u00e4tze<\/h1>\n<h1>und klappert?<\/h1>\n\t<h2>Robust und langlebig f\u00fcr den t\u00e4glichen professionellen Einsatz<\/h2>\n\t<h2>Pr\u00e4zisionsgefr\u00e4st f\u00fcr optimale Passform<\/h2>\n\t<h2>Gro\u00dfe Auswahl an Steckschl\u00fcsseln und Knarren<\/h2>\n\t<h2>Zuverl\u00e4ssige Leistung in jeder Werkstatt<\/h2>\n\t<h1>Komplette Sets f\u00fcr jede Werkstatt<\/h1>\n\t<p>FORCE doppen en ratels zijn beschikbaar in verschillende maten en configuraties, van 1\/4&#8243; tot 1&#8243;. Veel sets worden geleverd in koffers of foam modules, zodat werkplaatsen meteen beschikken over een overzichtelijke en complete oplossing voor dagelijks gebruik.<\/p>\n\t\t\t<a href=\"https:\/\/zasco-shop.be\/nl-be\/home.aspx\"  target=\"_blank\" rel=\"noopener\">\n\t\t\t\t\t\t\tSIEHE DIE VOLLST\u00c4NDIGEN SETS\n\t\t\t\t\t<\/a>\n\t<h1>Professionelle Qualit\u00e4t f\u00fcr intensive Nutzung<\/h1>\n\t<p>Dank ihrer Pr\u00e4zision, ihrer Langlebigkeit und ihrer gro\u00dfen Auswahl sind die FORCE-Kappen und -Ratschen eine zuverl\u00e4ssige Wahl f\u00fcr professionelle Werkst\u00e4tten.<\/p>\n\t\t\t<a href=\"https:\/\/www.zasco.be\/wp-content\/uploads\/2026\/03\/Promo-Zasco-2026_1.pdf\"  target=\"_blank\" rel=\"noopener\">\n\t\t\t\t\t\tUNSER WERBEPROSPEKT ANSEHEN\n\t\t\t\t\t<\/a>","protected":false},"excerpt":{"rendered":"<p>Doppensets en ratels De doppen en ratels van FORCE vormen een essentieel onderdeel van het assortiment en worden wereldwijd gebruikt in professionele werkplaatsen. BEKIJK ONZE PROMO FOLDER Waarom FORCE doppensets en ratels? Sterk en duurzaam voor dagelijks professioneel gebruik Precisie gefreesd voor optimale pasvorm Uitgebreid assortiment doppen en ratels Betrouwbare prestaties in elke werkplaats Complete&hellip;<\/p>","protected":false},"author":1,"featured_media":0,"parent":0,"menu_order":0,"comment_status":"closed","ping_status":"closed","template":"","meta":{"_acf_changed":false,"_seopress_robots_primary_cat":"","_seopress_titles_title":"","_seopress_titles_desc":"","_seopress_robots_index":"","_seopress_analysis_target_kw":"","footnotes":""},"class_list":["post-52","page","type-page","status-publish","hentry"],"acf":[],"_links":{"self":[{"href":"https:\/\/www.zasco.be\/de\/wp-json\/wp\/v2\/pages\/52","targetHints":{"allow":["GET"]}}],"collection":[{"href":"https:\/\/www.zasco.be\/de\/wp-json\/wp\/v2\/pages"}],"about":[{"href":"https:\/\/www.zasco.be\/de\/wp-json\/wp\/v2\/types\/page"}],"author":[{"embeddable":true,"href":"https:\/\/www.zasco.be\/de\/wp-json\/wp\/v2\/users\/1"}],"replies":[{"embeddable":true,"href":"https:\/\/www.zasco.be\/de\/wp-json\/wp\/v2\/comments?post=52"}],"version-history":[{"count":11,"href":"https:\/\/www.zasco.be\/de\/wp-json\/wp\/v2\/pages\/52\/revisions"}],"predecessor-version":[{"id":468,"href":"https:\/\/www.zasco.be\/de\/wp-json\/wp\/v2\/pages\/52\/revisions\/468"}],"wp:attachment":[{"href":"https:\/\/www.zasco.be\/de\/wp-json\/wp\/v2\/media?parent=52"}],"curies":[{"name":"wp","href":"https:\/\/api.w.org\/{rel}","templated":true}]}}