{"id":40,"date":"2026-03-12T15:32:11","date_gmt":"2026-03-12T15:32:11","guid":{"rendered":"https:\/\/www.zasco.be\/?page_id=40"},"modified":"2026-04-29T12:58:25","modified_gmt":"2026-04-29T12:58:25","slug":"zasco-gereedschapswagens","status":"publish","type":"page","link":"https:\/\/www.zasco.be\/de\/zasco-gereedschapswagens\/","title":{"rendered":"Zasco gereedschapswagens"},"content":{"rendered":"<h1>Werkzeugwagen<\/h1>\n\t<p>Die Werkzeugwagen von FORCE sind ein wesentlicher Bestandteil des Sortiments und werden weltweit in professionellen Werkst\u00e4tten eingesetzt.<\/p>\n\t\t\t<a href=\"https:\/\/www.zasco.be\/wp-content\/uploads\/2026\/03\/Promofolder-Zasco-2026-1-gereedschapswagens.pdf\"  target=\"_blank\" rel=\"noopener\">\n\t\t\t\t\t\tUNSEREN KATALOG ANSEHEN\n\t\t\t\t\t<\/a>\n\t<h1>Warum Werkzeugwagen von FORCE?<\/h1>\n\t<h2>Robuste Konstruktion f\u00fcr den t\u00e4glichen professionellen Einsatz<\/h2>\n\t<h2>Durchdachtes Design f\u00fcr effizientes Arbeiten<\/h2>\n\t<h2>Erh\u00e4ltlich als leerer Wagen oder kompletter Werkzeugsatz<\/h2>\n\t<h2>Perfekt f\u00fcr Garagen und technische Werkst\u00e4tten<\/h2>\n\t<h1>Komplette Toolsets f\u00fcr einen schnellen Start<\/h1>\n\t<p>Viele Modelle sind als komplette Werkzeugsets erh\u00e4ltlich, bei denen die professionellen Werkzeuge \u00fcbersichtlich in Schaumstoffmodulen angeordnet sind. So haben Werkst\u00e4tten sofort eine komplette und organisierte L\u00f6sung, die f\u00fcr den t\u00e4glichen Einsatz bereit ist.<\/p>\n\t\t\t<a href=\"https:\/\/zasco-shop.be\/nl-be\/home.aspx\"  target=\"_blank\" rel=\"noopener\">\n\t\t\t\t\t\t\tSIEHE DIE VOLLST\u00c4NDIGEN SETS\n\t\t\t\t\t<\/a>\n\t<h1>Gutes Preis-Qualit\u00e4ts-Verh\u00e4ltnis<\/h1>\n\t<p>Die Kombination aus Qualit\u00e4t, Funktionalit\u00e4t und Preis macht FORCE-Werkzeugwagen zu einer besonders attraktiven Alternative zu wesentlich teureren Premiummarken.<\/p>\n\t<h2>Leere Werkzeugwagen<\/h2>\n\t<p>Die leeren Werkzeugwagen von Force Tools bieten eine robuste und \u00fcbersichtliche L\u00f6sung f\u00fcr die Organisation Ihrer eigenen Werkzeuge.<\/p>\n<p>Durch ihre robuste Konstruktion, die leichtg\u00e4ngigen Schubladen und die langlebige Verarbeitung eignen sie sich f\u00fcr den intensiven Einsatz in Garagen, Werkst\u00e4tten und industriellen Umgebungen.<\/p>\n<p>Bei einem leeren Werkzeugwagen bestimmen Sie die Einteilung und den Inhalt selbst und halten Ihr vorhandenes Werkzeug geordnet und immer in Reichweite.<\/p>\n\t<h2>Gef\u00fcllte Werkzeugwagen<\/h2>\n\t<p>Die lagerhaltigen Werkzeugwagen von Force Tools sind eine komplette und gebrauchsfertige L\u00f6sung f\u00fcr professionelle Werkst\u00e4tten.<\/p>\n<p>Jeder Wagen ist mit einem sorgf\u00e4ltig zusammengestellten Satz von Force-Handwerkzeugen ausgestattet, die bequem in stabilen Schubladen untergebracht sind.<\/p>\n<p>Diese Wagen kombinieren eine robuste Konstruktion mit einem effizienten Arbeitslayout, so dass Techniker und Mechaniker w\u00e4hrend der t\u00e4glichen Arbeit schnellen Zugriff auf die richtigen Werkzeuge haben.<\/p>\n\t\t\t<a href=\"https:\/\/zasco-shop.be\/nl-be\/home.aspx\"  target=\"_blank\" rel=\"noopener\">\n\t\t\t\t\t\t\tBESUCHEN SIE UNSEREN WEBSHOP\n\t\t\t\t\t<\/a>","protected":false},"excerpt":{"rendered":"<p>Gereedschapswagens De gereedschapswagens van FORCE zijn een essentieel onderdeel van het assortiment en worden wereldwijd gebruikt in professionele werkplaatsen. BEKIJK ONZE CATALOGUS Waarom FORCE gereedschapswagens? Robuust gebouwd voor dagelijks professioneel gebruik Slim ontworpen voor effici\u00ebnt werken Leverbaar als lege wagen of complete toolset Perfect voor garages en technische werkplaatsen Complete toolsets voor een snelle start&hellip;<\/p>","protected":false},"author":1,"featured_media":0,"parent":0,"menu_order":0,"comment_status":"closed","ping_status":"closed","template":"","meta":{"_acf_changed":false,"_seopress_robots_primary_cat":"","_seopress_titles_title":"","_seopress_titles_desc":"","_seopress_robots_index":"","_seopress_analysis_target_kw":"","footnotes":""},"class_list":["post-40","page","type-page","status-publish","hentry"],"acf":[],"_links":{"self":[{"href":"https:\/\/www.zasco.be\/de\/wp-json\/wp\/v2\/pages\/40","targetHints":{"allow":["GET"]}}],"collection":[{"href":"https:\/\/www.zasco.be\/de\/wp-json\/wp\/v2\/pages"}],"about":[{"href":"https:\/\/www.zasco.be\/de\/wp-json\/wp\/v2\/types\/page"}],"author":[{"embeddable":true,"href":"https:\/\/www.zasco.be\/de\/wp-json\/wp\/v2\/users\/1"}],"replies":[{"embeddable":true,"href":"https:\/\/www.zasco.be\/de\/wp-json\/wp\/v2\/comments?post=40"}],"version-history":[{"count":11,"href":"https:\/\/www.zasco.be\/de\/wp-json\/wp\/v2\/pages\/40\/revisions"}],"predecessor-version":[{"id":470,"href":"https:\/\/www.zasco.be\/de\/wp-json\/wp\/v2\/pages\/40\/revisions\/470"}],"wp:attachment":[{"href":"https:\/\/www.zasco.be\/de\/wp-json\/wp\/v2\/media?parent=40"}],"curies":[{"name":"wp","href":"https:\/\/api.w.org\/{rel}","templated":true}]}}