{"id":115,"date":"2026-03-16T08:33:01","date_gmt":"2026-03-16T08:33:01","guid":{"rendered":"https:\/\/www.zasco.be\/?page_id=115"},"modified":"2026-03-23T22:34:55","modified_gmt":"2026-03-23T22:34:55","slug":"zasco-about","status":"publish","type":"page","link":"https:\/\/www.zasco.be\/de\/zasco-about\/","title":{"rendered":"Zasco about"},"content":{"rendered":"<h1>\u00dcber ZASCO<\/h1>\n\t<p>ZASCO ist seit \u00fcber 40 Jahren ein verl\u00e4sslicher Partner in der Distribution von professionellem Werkzeug f\u00fcr den Fachhandel.<\/p>\n\t\t\t\t\t\t\t\t\t<img decoding=\"async\" src=\"https:\/\/www.zasco.be\/wp-content\/uploads\/2026\/03\/icon-klok.webp\" alt=\"Icoon dat staat voor snelle en betrouwbare levering\" itemprop=\"image\" height=\"100\" width=\"100\" title=\"Symbol-Uhr\" onerror=\"this.style.display='none'\"  \/>\n\t<h2>Schnelle und zuverl\u00e4ssige Lieferung<\/h2>\n\t\t\t\t\t\t\t\t\t<img decoding=\"async\" src=\"https:\/\/www.zasco.be\/wp-content\/uploads\/2026\/03\/icon-badge.webp\" alt=\"Icon voor professionele kwaliteit voor een sterke prijs\" itemprop=\"image\" height=\"100\" width=\"100\" title=\"Symbol-Abzeichen\" onerror=\"this.style.display='none'\"  \/>\n\t<h2>Professionelle Qualit\u00e4t zu einem starken Preis<\/h2>\n\t\t\t\t\t\t\t\t\t<img decoding=\"async\" src=\"https:\/\/www.zasco.be\/wp-content\/uploads\/2026\/03\/icon-gereedschap.webp\" alt=\"icoon voor professionele werkplaatsen\" itemprop=\"image\" height=\"100\" width=\"100\" title=\"Symbol-Werkzeug\" onerror=\"this.style.display='none'\"  \/>\n\t<h2>Bew\u00e4hrt in professionellen Werkst\u00e4tten<\/h2>\n\t\t\t\t\t\t\t\t\t<img decoding=\"async\" src=\"https:\/\/www.zasco.be\/wp-content\/uploads\/2026\/03\/icon-boxes.webp\" alt=\"icoon voor consistente voorraad\" itemprop=\"image\" height=\"100\" width=\"100\" title=\"Symbolfelder\" onerror=\"this.style.display='none'\"  \/>\n\t<h2>Immer konsistenter Vorrat<\/h2>\n\t<p><strong>ZASCO<\/strong> hat bereits mehr als <strong>40 Jahre Erfahrung <\/strong>in der Distribution und im Import von professionellen Werkzeugen. Seit 1995 ist ZASCO der offizielle H\u00e4ndler von <strong>FORCE Profi-Werkzeuge<\/strong> in Belgien. Dank dieser langen Erfahrung und der starken Zusammenarbeit mit H\u00e4ndlern hat sich ZASCO einen Ruf als zuverl\u00e4ssiger Partner f\u00fcr den professionellen Fachhandel aufgebaut.<\/p>\n\t<h1>Ihr Ansprechpartner bei ZASCO<\/h1>\n\t<p>Ein erfahrenes und engagiertes Team, das t\u00e4glich f\u00fcr unsere H\u00e4ndler da ist.<\/p>\n\t\t\t\t\t\t\t\t\t<img decoding=\"async\" src=\"http:\/\/www.zasco.be\/wp-content\/uploads\/2026\/03\/People.webp\" alt=\"People icon\" itemprop=\"image\" title=\"Leute\" onerror=\"this.style.display='none'\"  \/>\n\t<p><strong>Davy Vanneste<\/strong><\/p>\n\t<p>Gesch\u00e4ftsf\u00fchrer<\/p>\n\t<p>Strategie<\/p>\n<p>Partnerschaften<\/p>\n\t\t\t\t\t\t\t\t\t<img decoding=\"async\" src=\"http:\/\/www.zasco.be\/wp-content\/uploads\/2026\/03\/People.webp\" alt=\"People icon\" itemprop=\"image\" title=\"Leute\" onerror=\"this.style.display='none'\"  \/>\n\t<p><strong>Jessy Reyns<\/strong><\/p>\n\t<p>Betriebsleiter<\/p>\n\t<p>Verwaltung<\/p>\n<p>Kauf <\/p>\n<p>Interne Organisation<\/p>\n\t\t\t\t\t\t\t\t\t<img decoding=\"async\" src=\"http:\/\/www.zasco.be\/wp-content\/uploads\/2026\/03\/People.webp\" alt=\"People icon\" itemprop=\"image\" title=\"Leute\" onerror=\"this.style.display='none'\"  \/>\n\t<p><strong>Dave Reyns<\/strong><\/p>\n\t<p>Vertrieb und Logistik<\/p>\n\t<p>Lieferungen<\/p>\n<p>Kundenkontakt<\/p>\n\t\t\t\t\t\t\t\t\t<img decoding=\"async\" src=\"http:\/\/www.zasco.be\/wp-content\/uploads\/2026\/03\/People.webp\" alt=\"People icon\" itemprop=\"image\" title=\"Leute\" onerror=\"this.style.display='none'\"  \/>\n\t<p><strong>Ruben Schouppe<\/strong><\/p>\n\t<p>Vertrieb und Logistik<\/p>\n\t<p>Lieferungen<\/p>\n<p>Kundendienst<\/p>\n\t\t\t\t\t\t\t\t\t<img decoding=\"async\" src=\"http:\/\/www.zasco.be\/wp-content\/uploads\/2026\/03\/People.webp\" alt=\"People icon\" itemprop=\"image\" title=\"Leute\" onerror=\"this.style.display='none'\"  \/>\n\t<p><strong>Nancy De Saeger<\/strong><\/p>\n\t<p>Kundenservice<\/p>\n\t<p>Bestellungen <\/p>\n<p>Kundenfragen<\/p>\n\t\t\t\t\t\t\t\t\t<img decoding=\"async\" src=\"http:\/\/www.zasco.be\/wp-content\/uploads\/2026\/03\/People.webp\" alt=\"People icon\" itemprop=\"image\" title=\"Leute\" onerror=\"this.style.display='none'\"  \/>\n\t<p><strong>Franky De Naeyer<\/strong><\/p>\n\t<p>Lager und Logistik<\/p>\n\t<p>Bestand<\/p>\n<p>Versand<\/p>\n\t<h1>Eine neue Phase f\u00fcr ZASCO<\/h1>\n\t<p>Mit neuer Dynamik und klarem Fokus auf Wachstum will ZASCO seine Rolle als zuverl\u00e4ssiger Werkzeugpartner weiter st\u00e4rken. Daher investieren wir weiterhin in:<\/p>\n\t<p><img decoding=\"async\" src=\"http:\/\/www.zasco.be\/wp-content\/uploads\/2026\/03\/Check.webp\" alt=\"Check icoon voor belangrijke punten van dealer worden\" width=\"25\" height=\"20\" \/>Starke Marken, wie FORCE Professional Tools<\/p>\n<p><img decoding=\"async\" src=\"http:\/\/www.zasco.be\/wp-content\/uploads\/2026\/03\/Check.webp\" alt=\"Check icoon voor belangrijke punten van dealer worden\" width=\"25\" height=\"20\" \/>Eine effiziente Logistik und schnelle Lieferung<\/p>\n<p><img decoding=\"async\" src=\"http:\/\/www.zasco.be\/wp-content\/uploads\/2026\/03\/Check.webp\" alt=\"Check icoon voor belangrijke punten van dealer worden\" width=\"25\" height=\"20\" \/>Zuverl\u00e4ssige Verf\u00fcgbarkeit<\/p>\n<p><img decoding=\"async\" src=\"http:\/\/www.zasco.be\/wp-content\/uploads\/2026\/03\/Check.webp\" alt=\"Check icoon voor belangrijke punten van dealer worden\" width=\"25\" height=\"20\" \/>Nachhaltige Kooperationen mit professionellen H\u00e4ndlern<\/p>\n<p><img decoding=\"async\" src=\"http:\/\/www.zasco.be\/wp-content\/uploads\/2026\/03\/Check.webp\" alt=\"Check icoon voor belangrijke punten van dealer worden\" width=\"25\" height=\"20\" \/>Qualit\u00e4t, Service und Partnerschaft als Kern unseres Ansatzes<\/p>\n\t<p>So bauen wir gemeinsam mit unseren Partnern weiter an einer starken Zukunft f\u00fcr den professionellen Fachhandel.<\/p>","protected":false},"excerpt":{"rendered":"<p>Over ZASCO ZASCO is al meer dan 40 jaar een betrouwbare partner in de distributie van professioneel gereedschap voor de vakhandel. Snelle en betrouwbare levering Professioneel kwaliteit voor een sterke prijs Bewezen in professionele werkplaatsen Altijd consistente voorraad ZASCO heeft al meer dan 40 jaar ervaring in de distributie en import van professioneel gereedschap. Sinds&hellip;<\/p>","protected":false},"author":1,"featured_media":0,"parent":0,"menu_order":0,"comment_status":"closed","ping_status":"closed","template":"","meta":{"_acf_changed":false,"_seopress_robots_primary_cat":"","_seopress_titles_title":"","_seopress_titles_desc":"","_seopress_robots_index":"","_seopress_analysis_target_kw":"","footnotes":""},"class_list":["post-115","page","type-page","status-publish","hentry"],"acf":[],"_links":{"self":[{"href":"https:\/\/www.zasco.be\/de\/wp-json\/wp\/v2\/pages\/115","targetHints":{"allow":["GET"]}}],"collection":[{"href":"https:\/\/www.zasco.be\/de\/wp-json\/wp\/v2\/pages"}],"about":[{"href":"https:\/\/www.zasco.be\/de\/wp-json\/wp\/v2\/types\/page"}],"author":[{"embeddable":true,"href":"https:\/\/www.zasco.be\/de\/wp-json\/wp\/v2\/users\/1"}],"replies":[{"embeddable":true,"href":"https:\/\/www.zasco.be\/de\/wp-json\/wp\/v2\/comments?post=115"}],"version-history":[{"count":11,"href":"https:\/\/www.zasco.be\/de\/wp-json\/wp\/v2\/pages\/115\/revisions"}],"predecessor-version":[{"id":372,"href":"https:\/\/www.zasco.be\/de\/wp-json\/wp\/v2\/pages\/115\/revisions\/372"}],"wp:attachment":[{"href":"https:\/\/www.zasco.be\/de\/wp-json\/wp\/v2\/media?parent=115"}],"curies":[{"name":"wp","href":"https:\/\/api.w.org\/{rel}","templated":true}]}}